{"id":229671,"date":"2020-01-22T10:31:04","date_gmt":"2020-01-22T15:31:04","guid":{"rendered":"http:\/\/elmosolutions.comservices-et-programmes\/"},"modified":"2021-10-25T22:43:12","modified_gmt":"2021-10-26T02:43:12","slug":"services-programmes","status":"publish","type":"page","link":"https:\/\/elmosolutions.com\/fr\/integration-du-cao-erp\/services-programmes\/","title":{"rendered":"Services et programmes"},"content":{"rendered":"<p>[et_pb_section fb_built=&#8221;1&#8243; admin_label=&#8221;section&#8221; _builder_version=&#8221;3.22&#8243; da_is_popup=&#8221;off&#8221; da_exit_intent=&#8221;off&#8221; da_has_close=&#8221;on&#8221; da_alt_close=&#8221;off&#8221; da_dark_close=&#8221;off&#8221; da_not_modal=&#8221;on&#8221; da_is_singular=&#8221;off&#8221; da_with_loader=&#8221;off&#8221; da_has_shadow=&#8221;on&#8221; da_disable_devices=&#8221;off|off|off&#8221;][et_pb_row column_structure=&#8221;1_3,2_3&#8243; admin_label=&#8221;row&#8221; _builder_version=&#8221;3.25&#8243; background_size=&#8221;initial&#8221; background_position=&#8221;top_left&#8221; background_repeat=&#8221;repeat&#8221;][et_pb_column type=&#8221;1_3&#8243; _builder_version=&#8221;3.25&#8243; custom_padding=&#8221;|||&#8221; custom_padding__hover=&#8221;|||&#8221;][et_pb_image src=&#8221;http:\/\/elmosolutions.com\/wp-content\/uploads\/implementation-services.jpg&#8221; force_fullwidth=&#8221;on&#8221; align_tablet=&#8221;center&#8221; align_phone=&#8221;&#8221; align_last_edited=&#8221;on|desktop&#8221; _builder_version=&#8221;3.23&#8243; box_shadow_style=&#8221;preset1&#8243;][\/et_pb_image][\/et_pb_column][et_pb_column type=&#8221;2_3&#8243; _builder_version=&#8221;3.25&#8243; custom_padding=&#8221;|||&#8221; custom_padding__hover=&#8221;|||&#8221;][et_pb_text admin_label=&#8221;Enhance the ROI on CAD-ERP Data Integration with Agni Link Packaged Service Offerings&#8221; _builder_version=&#8221;3.27.4&#8243; module_alignment=&#8221;left&#8221; border_style=&#8221;solid&#8221;]<\/p>\n<h1>Am\u00e9liorer le retour sur investissement de l&#8217;int\u00e9gration des donn\u00e9es CAD-ERP gr\u00e2ce \u00e0 l&#8217;offre de services d&#8217;int\u00e9gration tout-en-un pour Agni Link<\/h1>\n<p>[\/et_pb_text][et_pb_text admin_label=&#8221;Elmo Solutions CAD-ERP Data Integration Services&#8221; _builder_version=&#8221;3.27.4&#8243; background_size=&#8221;initial&#8221; background_position=&#8221;top_left&#8221; background_repeat=&#8221;repeat&#8221; module_alignment=&#8221;left&#8221;]<\/p>\n<h2>Elmo Solutions Services de mise en \u0153uvre de l&#8217;int\u00e9gration des donn\u00e9es CAD-ERP<\/h2>\n<h3><\/h3>\n<h2 class=%22wp-svg-users-2 users-2%22><\/h2>\n<h4>La qualit\u00e9 d&#8217;une solution logicielle d\u00e9pend de la qualit\u00e9 des services qui l&#8217;accompagnent, en particulier au moment de la mise en \u0153uvre initiale. \u00a0Elmo Solutions propose actuellement ces services d&#8217;impl\u00e9mentation de premier ordre pour un prix fixe&#8230; \u00a0Pas de surprises !<\/h4>\n<p>[\/et_pb_text][\/et_pb_column][\/et_pb_row][et_pb_row column_structure=&#8221;1_3,1_3,1_3&#8243; _builder_version=&#8221;3.25&#8243; background_size=&#8221;initial&#8221; background_position=&#8221;top_left&#8221; background_repeat=&#8221;repeat&#8221;][et_pb_column type=&#8221;1_3&#8243; _builder_version=&#8221;3.25&#8243; custom_padding=&#8221;|||&#8221; custom_padding__hover=&#8221;|||&#8221;][et_pb_cta title=&#8221; JumpStart&#8221; button_url=&#8221;https:\/\/elmosolutions.com\/fr\/integration-du-cao-erp\/services-programmes\/jumpstart\/&#8221; url_new_window=&#8221;on&#8221; button_text=&#8221;Plus d&#8217;information&#8221; admin_label=&#8221;Call To Action &#8211;  JumpStart&#8221; _builder_version=&#8221;4.7.7&#8243; _dynamic_attributes=&#8221;title&#8221; header_font=&#8221;||||||||&#8221; header_text_color=&#8221;#ff8000&#8243; body_font=&#8221;||||||||&#8221; background_color=&#8221;#214EA3&#8243; custom_button=&#8221;on&#8221; button_text_color=&#8221;#ff8000&#8243; button_font=&#8221;||||||||&#8221; link_option_url_new_window=&#8221;on&#8221; box_shadow_style=&#8221;preset4&#8243;]<\/p>\n<h2 class=%22et_pb_module_header et-fb-editable-element et-fb-editable-element__editing et-fb-editable-element et-fb-editable-element et-fb-editable-element__editing%22 contenteditable=%22true%22 data-shortcode-id=%220.1.2.0-1544738357554%22 data-quickaccess-id=%22header%22>\u00a0(Soutien \u00e0 la mise en \u0153uvre)<\/h2>\n<p>[\/et_pb_cta][\/et_pb_column][et_pb_column type=&#8221;1_3&#8243; _builder_version=&#8221;3.25&#8243; custom_padding=&#8221;|||&#8221; custom_padding__hover=&#8221;|||&#8221;][et_pb_cta title=&#8221;BigBangBoMs&#8221; button_url=&#8221;https:\/\/elmosolutions.com\/fr\/integration-du-cao-erp\/services-programmes\/programme-bigbangboms\/&#8221; url_new_window=&#8221;on&#8221; button_text=&#8221;Plus d&#8217;information&#8221; admin_label=&#8221;Call To Action &#8211; BigBangBoMs&#8221; _builder_version=&#8221;3.28&#8243; _dynamic_attributes=&#8221;title&#8221; header_font=&#8221;||||||||&#8221; header_text_color=&#8221;#ff8000&#8243; background_color=&#8221;#214EA3&#8243; custom_button=&#8221;on&#8221; button_text_color=&#8221;#ff8000&#8243; button_font=&#8221;||||||||&#8221; link_option_url_new_window=&#8221;on&#8221; box_shadow_style=&#8221;preset4&#8243;]<\/p>\n<h2 class=%22et_pb_module_header et-fb-editable-element et-fb-editable-element__editing et-fb-editable-element et-fb-editable-element et-fb-editable-element__editing%22 contenteditable=%22true%22 data-shortcode-id=%220.1.2.0-1544738357554%22 data-quickaccess-id=%22header%22>\u00a0(validation et initialisation des donn\u00e9es ERP)<\/h2>\n<p>[\/et_pb_cta][\/et_pb_column][et_pb_column type=&#8221;1_3&#8243; _builder_version=&#8221;3.25&#8243; custom_padding=&#8221;|||&#8221; custom_padding__hover=&#8221;|||&#8221;][et_pb_cta title=&#8221;Preuve de concept&#8221; button_url=&#8221;https:\/\/elmosolutions.com\/fr\/integration-du-cao-erp\/services-programmes\/preuve-concept\/&#8221; url_new_window=&#8221;on&#8221; button_text=&#8221;Plus d&#8217;information&#8221; admin_label=&#8221;Call To Action &#8211; Proof of Concept&#8221; _builder_version=&#8221;3.28&#8243; _dynamic_attributes=&#8221;title&#8221; header_font=&#8221;||||||||&#8221; header_text_color=&#8221;#ff8000&#8243; body_font=&#8221;||||||||&#8221; body_text_color=&#8221;#ff8000&#8243; background_color=&#8221;#214EA3&#8243; custom_button=&#8221;on&#8221; button_text_color=&#8221;#ff8000&#8243; button_font=&#8221;||||||||&#8221; link_option_url_new_window=&#8221;on&#8221; box_shadow_style=&#8221;preset4&#8243;]<\/p>\n<h2 class=%22et_pb_module_header et-fb-editable-element et-fb-editable-element__editing et-fb-editable-element et-fb-editable-element et-fb-editable-element__editing%22 contenteditable=%22true%22 data-shortcode-id=%220.1.2.0-1544738357554%22 data-quickaccess-id=%22header%22>(Essai)<\/h2>\n<p>[\/et_pb_cta][\/et_pb_column][\/et_pb_row][\/et_pb_section][et_pb_section fb_built=&#8221;1&#8243; admin_label=&#8221;Calls To Action&#8221; _builder_version=&#8221;3.22&#8243; use_background_color_gradient=&#8221;on&#8221; background_color_gradient_start=&#8221;#0954a6&#8243; background_color_gradient_end=&#8221;rgba(9,84,166,0.29)&#8221; background_color_gradient_type=&#8221;radial&#8221; background_color_gradient_direction_radial=&#8221;top left&#8221; custom_padding=&#8221;70px|0px|70px|0px|true|false&#8221; global_module=&#8221;40652&#8243; saved_tabs=&#8221;all&#8221; da_is_popup=&#8221;off&#8221; da_exit_intent=&#8221;off&#8221; da_has_close=&#8221;on&#8221; da_alt_close=&#8221;off&#8221; da_dark_close=&#8221;off&#8221; da_not_modal=&#8221;on&#8221; da_is_singular=&#8221;off&#8221; da_with_loader=&#8221;off&#8221; da_has_shadow=&#8221;on&#8221; da_disable_devices=&#8221;off|off|off&#8221;][et_pb_row column_structure=&#8221;1_3,1_3,1_3&#8243; padding_mobile=&#8221;off&#8221; make_equal=&#8221;on&#8221; column_padding_mobile=&#8221;on&#8221; admin_label=&#8221;Call To Action&#8221; _builder_version=&#8221;3.25&#8243; background_size=&#8221;initial&#8221; background_position=&#8221;top_left&#8221; background_repeat=&#8221;repeat&#8221;][et_pb_column type=&#8221;1_3&#8243; _builder_version=&#8221;3.25&#8243; custom_padding=&#8221;|||&#8221; custom_padding__hover=&#8221;|||&#8221;][et_pb_blurb title=&#8221;PLUS D&#8217;INFO!&#8221; use_icon=&#8221;on&#8221; font_icon=&#8221;%%158%%&#8221; icon_color=&#8221;#ffffff&#8221; use_circle=&#8221;on&#8221; circle_color=&#8221;#ff8000&#8243; admin_label=&#8221;CTA &#8211; LEARN MORE&#8221; _builder_version=&#8221;4.7.7&#8243; header_font=&#8221;Oswald|||on|||||&#8221; header_text_align=&#8221;center&#8221; header_text_color=&#8221;#ff8000&#8243; header_font_size=&#8221;26px&#8221; animation_style=&#8221;slide&#8221; link_option_url=&#8221;https:\/\/elmosolutions.com\/fr\/contactez-nous\/&#8221; link_option_url_new_window=&#8221;on&#8221; hover_enabled=&#8221;0&#8243; locked=&#8221;off&#8221; sticky_enabled=&#8221;0&#8243;][\/et_pb_blurb][\/et_pb_column][et_pb_column type=&#8221;1_3&#8243; _builder_version=&#8221;3.25&#8243; custom_padding=&#8221;|||&#8221; custom_padding__hover=&#8221;|||&#8221;][et_pb_blurb title=&#8221;D\u00c9MONSTRATION&#8221; use_icon=&#8221;on&#8221; font_icon=&#8221;%%107%%&#8221; icon_color=&#8221;#ffffff&#8221; use_circle=&#8221;on&#8221; circle_color=&#8221;#ff8000&#8243; admin_label=&#8221;CTA &#8211; BOOK A DEMO&#8221; _builder_version=&#8221;4.7.7&#8243; header_font=&#8221;Oswald|||on|||||&#8221; header_text_align=&#8221;center&#8221; header_text_color=&#8221;#ff8000&#8243; header_font_size=&#8221;26px&#8221; animation_style=&#8221;slide&#8221; link_option_url=&#8221;https:\/\/elmosolutions.com\/fr\/integration-du-cao-erp\/demonstration-gratuite\/&#8221; link_option_url_new_window=&#8221;on&#8221;][\/et_pb_blurb][\/et_pb_column][et_pb_column type=&#8221;1_3&#8243; _builder_version=&#8221;3.25&#8243; custom_padding=&#8221;|||&#8221; custom_padding__hover=&#8221;|||&#8221;][et_pb_blurb title=&#8221;Contactez nous&#8221; use_icon=&#8221;on&#8221; font_icon=&#8221;%%75%%&#8221; icon_color=&#8221;#ffffff&#8221; use_circle=&#8221;on&#8221; circle_color=&#8221;#ff8000&#8243; admin_label=&#8221;CTA &#8211; CONTACT US&#8221; _builder_version=&#8221;4.7.7&#8243; header_font=&#8221;Oswald|||on|||||&#8221; header_text_align=&#8221;center&#8221; header_text_color=&#8221;#ff8000&#8243; header_font_size=&#8221;26px&#8221; animation_style=&#8221;slide&#8221; link_option_url=&#8221;https:\/\/elmosolutions.com\/fr\/contactez-nous\/&#8221; link_option_url_new_window=&#8221;on&#8221;][\/et_pb_blurb][\/et_pb_column][\/et_pb_row][\/et_pb_section][et_pb_section fb_built=&#8221;1&#8243; fullwidth=&#8221;on&#8221; _builder_version=&#8221;3.22&#8243; da_is_popup=&#8221;off&#8221; da_exit_intent=&#8221;off&#8221; da_has_close=&#8221;on&#8221; da_alt_close=&#8221;off&#8221; da_dark_close=&#8221;off&#8221; da_not_modal=&#8221;on&#8221; da_is_singular=&#8221;off&#8221; da_with_loader=&#8221;off&#8221; da_has_shadow=&#8221;on&#8221; da_disable_devices=&#8221;off|off|off&#8221;][\/et_pb_section]<\/p>\n","protected":false},"excerpt":{"rendered":"<p>Am\u00e9liorer le retour sur investissement de l&#8217;int\u00e9gration des donn\u00e9es CAD-ERP gr\u00e2ce \u00e0 l&#8217;offre de services d&#8217;int\u00e9gration tout-en-un pour Agni LinkElmo Solutions Services de mise en \u0153uvre de l&#8217;int\u00e9gration des donn\u00e9es CAD-ERP La qualit\u00e9 d&#8217;une solution logicielle d\u00e9pend de la qualit\u00e9 des services qui l&#8217;accompagnent, en particulier au moment de la mise en \u0153uvre initiale. \u00a0Elmo [&hellip;]<\/p>\n","protected":false},"author":1,"featured_media":0,"parent":229675,"menu_order":0,"comment_status":"closed","ping_status":"closed","template":"","meta":{"_et_pb_use_builder":"on","_et_pb_old_content":"","_et_gb_content_width":"","om_disable_all_campaigns":false,"wikipediapreview_detectlinks":true,"_monsterinsights_skip_tracking":false,"_monsterinsights_sitenote_active":false,"_monsterinsights_sitenote_note":"","_monsterinsights_sitenote_category":0,"footnotes":""},"class_list":["post-229671","page","type-page","status-publish","hentry"],"yoast_head":"<!-- This site is optimized with the Yoast SEO plugin v26.0 - https:\/\/yoast.com\/wordpress\/plugins\/seo\/ -->\n<title>Agni Link CAD-ERP Data Integration - Services de mise en \u0153uvre<\/title>\n<meta name=\"description\" content=\"Tirez profit de votre investissement dans Agni Link gr\u00e2ce \u00e0 des services de mise en \u0153uvre tels que JumpStart (aide \u00e0 la mise en \u0153uvre) et BigBangBoMs (initialisation de la base de donn\u00e9es)\" \/>\n<meta name=\"robots\" content=\"index, follow, max-snippet:-1, max-image-preview:large, max-video-preview:-1\" \/>\n<link rel=\"canonical\" href=\"https:\/\/elmosolutions.com\/fr\/integration-du-cao-erp\/services-programmes\/\" \/>\n<meta name=\"twitter:card\" content=\"summary_large_image\" \/>\n<meta name=\"twitter:title\" content=\"Agni Link CAD-ERP Data Integration - Services de mise en \u0153uvre\" \/>\n<meta name=\"twitter:description\" content=\"Tirez profit de votre investissement dans Agni Link gr\u00e2ce \u00e0 des services de mise en \u0153uvre tels que JumpStart (aide \u00e0 la mise en \u0153uvre) et BigBangBoMs (initialisation de la base de donn\u00e9es)\" \/>\n<meta name=\"twitter:site\" content=\"@ElmoSolutions\" \/>\n<meta name=\"twitter:label1\" content=\"Dur\u00e9e de lecture estim\u00e9e\" \/>\n\t<meta name=\"twitter:data1\" content=\"5 minutes\" \/>\n<script type=\"application\/ld+json\" class=\"yoast-schema-graph\">{\"@context\":\"https:\/\/schema.org\",\"@graph\":[{\"@type\":\"WebPage\",\"@id\":\"https:\/\/elmosolutions.com\/fr\/integration-du-cao-erp\/services-programmes\/\",\"url\":\"https:\/\/elmosolutions.com\/fr\/integration-du-cao-erp\/services-programmes\/\",\"name\":\"Agni Link CAD-ERP Data Integration - Services de mise en \u0153uvre\",\"isPartOf\":{\"@id\":\"https:\/\/elmosolutions.com\/fr\/#website\"},\"datePublished\":\"2020-01-22T15:31:04+00:00\",\"dateModified\":\"2021-10-26T02:43:12+00:00\",\"description\":\"Tirez profit de votre investissement dans Agni Link gr\u00e2ce \u00e0 des services de mise en \u0153uvre tels que JumpStart (aide \u00e0 la mise en \u0153uvre) et BigBangBoMs (initialisation de la base de donn\u00e9es)\",\"breadcrumb\":{\"@id\":\"https:\/\/elmosolutions.com\/fr\/integration-du-cao-erp\/services-programmes\/#breadcrumb\"},\"inLanguage\":\"fr-FR\",\"potentialAction\":[{\"@type\":\"ReadAction\",\"target\":[\"https:\/\/elmosolutions.com\/fr\/integration-du-cao-erp\/services-programmes\/\"]}]},{\"@type\":\"BreadcrumbList\",\"@id\":\"https:\/\/elmosolutions.com\/fr\/integration-du-cao-erp\/services-programmes\/#breadcrumb\",\"itemListElement\":[{\"@type\":\"ListItem\",\"position\":1,\"name\":\"Int\u00e9gration du CAD ERP : 4 choses \u00e0 attendre \u2013 plus \u00e0 demander !\",\"item\":\"https:\/\/elmosolutions.com\/fr\/integration-du-cao-erp\/\"},{\"@type\":\"ListItem\",\"position\":2,\"name\":\"Services et programmes\"}]},{\"@type\":\"WebSite\",\"@id\":\"https:\/\/elmosolutions.com\/fr\/#website\",\"url\":\"https:\/\/elmosolutions.com\/fr\/\",\"name\":\"Elmo Solutions - The Leader in CAD and ERP Data Integration\",\"description\":\"Chef de file en int\u00e9gration CAO-ERP\",\"publisher\":{\"@id\":\"https:\/\/elmosolutions.com\/fr\/#organization\"},\"potentialAction\":[{\"@type\":\"SearchAction\",\"target\":{\"@type\":\"EntryPoint\",\"urlTemplate\":\"https:\/\/elmosolutions.com\/fr\/?s={search_term_string}\"},\"query-input\":{\"@type\":\"PropertyValueSpecification\",\"valueRequired\":true,\"valueName\":\"search_term_string\"}}],\"inLanguage\":\"fr-FR\"},{\"@type\":\"Organization\",\"@id\":\"https:\/\/elmosolutions.com\/fr\/#organization\",\"name\":\"Elmo Solutions\",\"url\":\"https:\/\/elmosolutions.com\/fr\/\",\"logo\":{\"@type\":\"ImageObject\",\"inLanguage\":\"fr-FR\",\"@id\":\"https:\/\/elmosolutions.com\/fr\/#\/schema\/logo\/image\/\",\"url\":\"https:\/\/elmosolutions.com\/wp-content\/uploads\/cropped-Logo-Elmo_200x62.png\",\"contentUrl\":\"https:\/\/elmosolutions.com\/wp-content\/uploads\/cropped-Logo-Elmo_200x62.png\",\"width\":200,\"height\":62,\"caption\":\"Elmo Solutions\"},\"image\":{\"@id\":\"https:\/\/elmosolutions.com\/fr\/#\/schema\/logo\/image\/\"},\"sameAs\":[\"https:\/\/www.facebook.com\/elmo.solutions.real\/\",\"https:\/\/x.com\/ElmoSolutions\",\"https:\/\/www.linkedin.com\/company\/2861153\",\"http:\/\/www.youtube.com\/elmosolutions\"]}]}<\/script>\n<!-- \/ Yoast SEO plugin. -->","yoast_head_json":{"title":"Agni Link CAD-ERP Data Integration - Services de mise en \u0153uvre","description":"Tirez profit de votre investissement dans Agni Link gr\u00e2ce \u00e0 des services de mise en \u0153uvre tels que JumpStart (aide \u00e0 la mise en \u0153uvre) et BigBangBoMs (initialisation de la base de donn\u00e9es)","robots":{"index":"index","follow":"follow","max-snippet":"max-snippet:-1","max-image-preview":"max-image-preview:large","max-video-preview":"max-video-preview:-1"},"canonical":"https:\/\/elmosolutions.com\/fr\/integration-du-cao-erp\/services-programmes\/","twitter_card":"summary_large_image","twitter_title":"Agni Link CAD-ERP Data Integration - Services de mise en \u0153uvre","twitter_description":"Tirez profit de votre investissement dans Agni Link gr\u00e2ce \u00e0 des services de mise en \u0153uvre tels que JumpStart (aide \u00e0 la mise en \u0153uvre) et BigBangBoMs (initialisation de la base de donn\u00e9es)","twitter_site":"@ElmoSolutions","twitter_misc":{"Dur\u00e9e de lecture estim\u00e9e":"5 minutes"},"schema":{"@context":"https:\/\/schema.org","@graph":[{"@type":"WebPage","@id":"https:\/\/elmosolutions.com\/fr\/integration-du-cao-erp\/services-programmes\/","url":"https:\/\/elmosolutions.com\/fr\/integration-du-cao-erp\/services-programmes\/","name":"Agni Link CAD-ERP Data Integration - Services de mise en \u0153uvre","isPartOf":{"@id":"https:\/\/elmosolutions.com\/fr\/#website"},"datePublished":"2020-01-22T15:31:04+00:00","dateModified":"2021-10-26T02:43:12+00:00","description":"Tirez profit de votre investissement dans Agni Link gr\u00e2ce \u00e0 des services de mise en \u0153uvre tels que JumpStart (aide \u00e0 la mise en \u0153uvre) et BigBangBoMs (initialisation de la base de donn\u00e9es)","breadcrumb":{"@id":"https:\/\/elmosolutions.com\/fr\/integration-du-cao-erp\/services-programmes\/#breadcrumb"},"inLanguage":"fr-FR","potentialAction":[{"@type":"ReadAction","target":["https:\/\/elmosolutions.com\/fr\/integration-du-cao-erp\/services-programmes\/"]}]},{"@type":"BreadcrumbList","@id":"https:\/\/elmosolutions.com\/fr\/integration-du-cao-erp\/services-programmes\/#breadcrumb","itemListElement":[{"@type":"ListItem","position":1,"name":"Int\u00e9gration du CAD ERP : 4 choses \u00e0 attendre \u2013 plus \u00e0 demander !","item":"https:\/\/elmosolutions.com\/fr\/integration-du-cao-erp\/"},{"@type":"ListItem","position":2,"name":"Services et programmes"}]},{"@type":"WebSite","@id":"https:\/\/elmosolutions.com\/fr\/#website","url":"https:\/\/elmosolutions.com\/fr\/","name":"Elmo Solutions - The Leader in CAD and ERP Data Integration","description":"Chef de file en int\u00e9gration CAO-ERP","publisher":{"@id":"https:\/\/elmosolutions.com\/fr\/#organization"},"potentialAction":[{"@type":"SearchAction","target":{"@type":"EntryPoint","urlTemplate":"https:\/\/elmosolutions.com\/fr\/?s={search_term_string}"},"query-input":{"@type":"PropertyValueSpecification","valueRequired":true,"valueName":"search_term_string"}}],"inLanguage":"fr-FR"},{"@type":"Organization","@id":"https:\/\/elmosolutions.com\/fr\/#organization","name":"Elmo Solutions","url":"https:\/\/elmosolutions.com\/fr\/","logo":{"@type":"ImageObject","inLanguage":"fr-FR","@id":"https:\/\/elmosolutions.com\/fr\/#\/schema\/logo\/image\/","url":"https:\/\/elmosolutions.com\/wp-content\/uploads\/cropped-Logo-Elmo_200x62.png","contentUrl":"https:\/\/elmosolutions.com\/wp-content\/uploads\/cropped-Logo-Elmo_200x62.png","width":200,"height":62,"caption":"Elmo Solutions"},"image":{"@id":"https:\/\/elmosolutions.com\/fr\/#\/schema\/logo\/image\/"},"sameAs":["https:\/\/www.facebook.com\/elmo.solutions.real\/","https:\/\/x.com\/ElmoSolutions","https:\/\/www.linkedin.com\/company\/2861153","http:\/\/www.youtube.com\/elmosolutions"]}]}},"_links":{"self":[{"href":"https:\/\/elmosolutions.com\/fr\/wp-json\/wp\/v2\/pages\/229671","targetHints":{"allow":["GET"]}}],"collection":[{"href":"https:\/\/elmosolutions.com\/fr\/wp-json\/wp\/v2\/pages"}],"about":[{"href":"https:\/\/elmosolutions.com\/fr\/wp-json\/wp\/v2\/types\/page"}],"author":[{"embeddable":true,"href":"https:\/\/elmosolutions.com\/fr\/wp-json\/wp\/v2\/users\/1"}],"replies":[{"embeddable":true,"href":"https:\/\/elmosolutions.com\/fr\/wp-json\/wp\/v2\/comments?post=229671"}],"version-history":[{"count":0,"href":"https:\/\/elmosolutions.com\/fr\/wp-json\/wp\/v2\/pages\/229671\/revisions"}],"up":[{"embeddable":true,"href":"https:\/\/elmosolutions.com\/fr\/wp-json\/wp\/v2\/pages\/229675"}],"wp:attachment":[{"href":"https:\/\/elmosolutions.com\/fr\/wp-json\/wp\/v2\/media?parent=229671"}],"curies":[{"name":"wp","href":"https:\/\/api.w.org\/{rel}","templated":true}]}}