{"id":229788,"date":"2020-02-01T21:59:41","date_gmt":"2020-02-02T02:59:41","guid":{"rendered":"http:\/\/elmosolutions.comintegration-du-cao-erp\/services-et-programmes\/programme-bigbangboms\/"},"modified":"2022-07-26T13:49:51","modified_gmt":"2022-07-26T17:49:51","slug":"programme-bigbangboms","status":"publish","type":"page","link":"https:\/\/elmosolutions.com\/fr\/integration-du-cao-erp\/services-programmes\/programme-bigbangboms\/","title":{"rendered":"Programme BigBangBoMs"},"content":{"rendered":"<p>[et_pb_section admin_label=&#8221;section&#8221;][et_pb_row admin_label=&#8221;row&#8221;][et_pb_column type=&#8221;1_4&#8243;][et_pb_sidebar admin_label=&#8221;Sidebar&#8221; orientation=&#8221;left&#8221; area=&#8221;et_pb_widget_area_4&#8243; background_layout=&#8221;light&#8221; remove_border=&#8221;off&#8221;] [\/et_pb_sidebar][\/et_pb_column][et_pb_column type=&#8221;3_4&#8243;][et_pb_text admin_label=&#8221;BigBangBoMs&#8221; background_layout=&#8221;light&#8221; text_orientation=&#8221;left&#8221; use_border_color=&#8221;off&#8221; border_color=&#8221;#ffffff&#8221; border_style=&#8221;solid&#8221;]<\/p>\n<p><img loading=\"lazy\" decoding=\"async\" class=\"alignnone size-full wp-image-1046\" src=\"https:\/\/elmosolutions.com\/wp-content\/uploads\/2015\/11\/bigbangbom.jpg\" alt=\"bigbangbom\" width=\"800\" height=\"229\" srcset=\"https:\/\/elmosolutions.com\/wp-content\/uploads\/2015\/11\/bigbangbom.jpg 800w, https:\/\/elmosolutions.com\/wp-content\/uploads\/2015\/11\/bigbangbom-480x137.jpg 480w\" sizes=\"auto, (min-width: 0px) and (max-width: 480px) 480px, (min-width: 481px) 800px, 100vw\" \/><\/p>\n<div class=\"article_content\">\n<div class=\"row boxzonecontent\">\n<div class=\"twelve columns boxshadow boxlineleft\">\n<div class=\"article_content\">\n<div class=\"row boxzonecontent\">\n<div class=\"twelve columns boxshadow boxlineleft\">\n<h3 id=\"BigBangBoMs\"><span style=\"color: #000000;\"><strong>BigBangBoMs &#8211; Importation de masse des donn\u00e9es CAO dans un ERP en toute s\u00e9curit\u00e9 et sans effort&#8230; et sans erreur !<\/strong><\/span><\/h3>\n<p>Bien que l&#8217;int\u00e9gration des donn\u00e9es du ERP-CAO soit sans aucun doute l&#8217;une des plus grandes id\u00e9es depuis le pain tranch\u00e9, elle n&#8217;est pas toujours r\u00e9alis\u00e9e sans un effort important. Plus pr\u00e9cis\u00e9ment, la saisie initiale des donn\u00e9es relatives aux produits (\u00e0 savoir les articles, les nomenclatures et les gammes) peut s&#8217;av\u00e9rer une t\u00e2che assez fastidieuse et sujette \u00e0 l&#8217;erreur.<\/p>\n<p>C&#8217;est pourquoi Elmo Solutions a d\u00e9velopp\u00e9 le programme BigBangBoMs, destin\u00e9 sp\u00e9cifiquement aux clients qui doivent mettre en \u0153uvre un syst\u00e8me ERP, qui comprend l&#8217;initialisation des tableaux de donn\u00e9es, dans de nombreux cas en utilisant les donn\u00e9es h\u00e9rit\u00e9es facilement disponibles dans les documents CAO.<\/p>\n<p>Bien entendu, l&#8217;approche progressive, qui consiste \u00e0 cr\u00e9er des objets de donn\u00e9es produits un \u00e0 la fois, a ses m\u00e9rites. Cependant, il a \u00e9t\u00e9 constat\u00e9 que dans la plupart des situations, il existe une approche sup\u00e9rieure, l&#8217;approche du &#8220;Big Bang&#8221;, dans laquelle toutes les donn\u00e9es de produits h\u00e9rit\u00e9s qui doivent \u00eatre int\u00e9gr\u00e9es au syst\u00e8me ERP sont cr\u00e9\u00e9es avant la mise en service, assurant ainsi un retour sur investissement bien sup\u00e9rieur, et une bien meilleure exp\u00e9rience utilisateur dans l&#8217;ensemble.<\/p>\n<p>L&#8217;adoption d&#8217;une nouvelle solution d&#8217;int\u00e9gration ou de gestion des donn\u00e9es ERP-CAO peut avoir un impact important sur vos processus d&#8217;entreprise. Les programmes Jumpstart vous aideront \u00e0 faciliter cette transition.<\/p>\n<p>&nbsp;<\/p>\n<h4>Qui peut en b\u00e9n\u00e9ficier<\/h4>\n<\/div>\n<\/div>\n<div class=\"row boxzonecontent\">\n<div class=\"twelve columns boxshadow boxlineright\">\n<p>Les clients qui envisagent la mise en \u0153uvre d&#8217;un syst\u00e8me ERP, ou qui souhaitent importer une quantit\u00e9 importante de donn\u00e9es de CAO dans leur syst\u00e8me ERP existant, et qui souhaitent \u00e9viter l&#8217;ennui de faire entrer les m\u00e9tadonn\u00e9es de CAO existantes dans leur syst\u00e8me ERP.<\/p>\n<h4><span style=\"color: #529ad1;\">Avantages financiers<\/span><\/h4>\n<p>Des solutions cl\u00e9s en main, rapidement d\u00e9ploy\u00e9es et sans co\u00fbts cach\u00e9s, assurent un retour sur investissement plus rapide et plus significatif de vos logiciels<\/p>\n<h4><span style=\"color: #529ad1;\">Avantages personnels<\/span><\/h4>\n<p>La tranquillit\u00e9 d&#8217;esprit r\u00e9sultant d&#8217;une meilleure exp\u00e9rience client tout au long du processus de mise en \u0153uvre<\/p>\n<p>&nbsp;<\/p>\n<\/div>\n<\/div>\n<div class=\"row boxzonecontent\">\n<div class=\"twelve columns boxshadow boxlineleft\">\n<h4>Ce qui est inclus<\/h4>\n<p>Le <span style=\"color: #529ad1;\"><strong>Programme BigBangBoMs <\/strong><\/span>est un service cl\u00e9 en main qui fait un usage optimal de la technologie d&#8217;int\u00e9gration de donn\u00e9es CAD-ERP d&#8217;Elmo Solutions, et comprend<\/p>\n<ul class=\"type2\">\n<li>Entretiens avec les utilisateurs finaux et les administrateurs<\/li>\n<li>Analyse pr\u00e9liminaire<\/li>\n<li>Extraction par lots de toutes les m\u00e9tadonn\u00e9es CAO requises<\/li>\n<li>Nettoyage des m\u00e9tadonn\u00e9es CAO<sup>(1)<\/sup><\/li>\n<li>Cr\u00e9ation d&#8217;articles, de nomenclatures et des recettes dans le syst\u00e8me ERP<\/li>\n<li>Validation des donn\u00e9es du ERP<\/li>\n<li>Assistance aux administrateurs et aux utilisateurs finaux apr\u00e8s la mise en \u0153uvre<\/li>\n<\/ul>\n<\/div>\n<\/div>\n<div class=\"row\">\n<div class=\"twelve columns \">\n<p><em><sup>(1)<\/sup> Peut entra\u00eener des co\u00fbts suppl\u00e9mentaires dans les cas o\u00f9 un nettoyage approfondi est n\u00e9cessaire<\/em><\/p>\n<\/div>\n<\/div>\n<\/div>\n<\/div>\n<\/div>\n<\/div>\n<p>[\/et_pb_text][\/et_pb_column][\/et_pb_row][\/et_pb_section]<\/p>\n","protected":false},"excerpt":{"rendered":"<p>[et_pb_section admin_label=&#8221;section&#8221;][et_pb_row admin_label=&#8221;row&#8221;][et_pb_column type=&#8221;1_4&#8243;][et_pb_sidebar admin_label=&#8221;Sidebar&#8221; orientation=&#8221;left&#8221; area=&#8221;et_pb_widget_area_4&#8243; background_layout=&#8221;light&#8221; remove_border=&#8221;off&#8221;] [\/et_pb_sidebar][\/et_pb_column][et_pb_column type=&#8221;3_4&#8243;][et_pb_text admin_label=&#8221;BigBangBoMs&#8221; background_layout=&#8221;light&#8221; text_orientation=&#8221;left&#8221; use_border_color=&#8221;off&#8221; border_color=&#8221;#ffffff&#8221; border_style=&#8221;solid&#8221;] BigBangBoMs &#8211; Importation de masse des donn\u00e9es CAO dans un ERP en toute s\u00e9curit\u00e9 et sans effort&#8230; et sans erreur ! Bien que l&#8217;int\u00e9gration des donn\u00e9es du ERP-CAO soit sans aucun doute l&#8217;une des plus grandes id\u00e9es depuis [&hellip;]<\/p>\n","protected":false},"author":1,"featured_media":0,"parent":229671,"menu_order":8,"comment_status":"closed","ping_status":"closed","template":"","meta":{"_et_pb_use_builder":"","_et_pb_old_content":"<p>[et_pb_section admin_label=\"section\"][et_pb_row admin_label=\"row\"][et_pb_column type=\"1_4\"][et_pb_sidebar admin_label=\"Sidebar\" orientation=\"left\" area=\"et_pb_widget_area_4\" background_layout=\"light\" remove_border=\"off\"] [\/et_pb_sidebar][\/et_pb_column][et_pb_column type=\"3_4\"][et_pb_text admin_label=\"BigBangBoMs\" background_layout=\"light\" text_orientation=\"left\" use_border_color=\"off\" border_color=\"#ffffff\" border_style=\"solid\"]<\/p><p><img class=\"alignnone size-full wp-image-42394\" src=\"http:\/\/elmosolutions.com\/wp-content\/uploads\/2015\/11\/bigbangbom.jpg\" alt=\"bigbangbom\" width=\"800\" height=\"229\" \/><\/p><div class=\"article_content\"><div class=\"row boxzonecontent\"><div class=\"twelve columns boxshadow boxlineleft\"><div class=\"article_content\"><div class=\"row boxzonecontent\"><div class=\"twelve columns boxshadow boxlineleft\"><h3 id=\"BigBangBoMs\"><span style=\"color: #000000;\"><strong>BigBangBoMs - Importation de masse des donn\u00e9es CAO dans un ERP en toute s\u00e9curit\u00e9 et sans effort... et sans erreur !<\/strong><\/span><\/h3><p>Bien que l'int\u00e9gration des donn\u00e9es du ERP-CAO soit sans aucun doute l'une des plus grandes id\u00e9es depuis le pain tranch\u00e9, elle n'est pas toujours r\u00e9alis\u00e9e sans un effort important. Plus pr\u00e9cis\u00e9ment, la saisie initiale des donn\u00e9es relatives aux produits (\u00e0 savoir les articles, les nomenclatures et les gammes) peut s'av\u00e9rer une t\u00e2che assez fastidieuse et sujette \u00e0 l'erreur.<\/p><p>C'est pourquoi Elmo Solutions a d\u00e9velopp\u00e9 le programme BigBangBoMs, destin\u00e9 sp\u00e9cifiquement aux clients qui doivent mettre en \u0153uvre un syst\u00e8me ERP, qui comprend l'initialisation des tableaux de donn\u00e9es, dans de nombreux cas en utilisant les donn\u00e9es h\u00e9rit\u00e9es facilement disponibles dans les documents CAO.<\/p><p>Bien entendu, l'approche progressive, qui consiste \u00e0 cr\u00e9er des objets de donn\u00e9es produits un \u00e0 la fois, a ses m\u00e9rites. Cependant, il a \u00e9t\u00e9 constat\u00e9 que dans la plupart des situations, il existe une approche sup\u00e9rieure, l'approche du \"Big Bang\", dans laquelle toutes les donn\u00e9es de produits h\u00e9rit\u00e9s qui doivent \u00eatre int\u00e9gr\u00e9es au syst\u00e8me ERP sont cr\u00e9\u00e9es avant la mise en service, assurant ainsi un retour sur investissement bien sup\u00e9rieur, et une bien meilleure exp\u00e9rience utilisateur dans l'ensemble.<\/p><p>L'adoption d'une nouvelle solution d'int\u00e9gration ou de gestion des donn\u00e9es ERP-CAO peut avoir un impact important sur vos processus d'entreprise. Les programmes Jumpstart vous aideront \u00e0 faciliter cette transition.<\/p><p>\u00a0<\/p><h4>Qui peut en b\u00e9n\u00e9ficier<\/h4><\/div><\/div><div class=\"row boxzonecontent\"><div class=\"twelve columns boxshadow boxlineright\"><p>Les clients qui envisagent la mise en \u0153uvre d'un syst\u00e8me ERP, ou qui souhaitent importer une quantit\u00e9 importante de donn\u00e9es de CAO dans leur syst\u00e8me ERP existant, et qui souhaitent \u00e9viter l'ennui de faire entrer les m\u00e9tadonn\u00e9es de CAO existantes dans leur syst\u00e8me ERP.<\/p><h4><span style=\"color: #529ad1;\">Avantages financiers<\/span><\/h4><p>Des solutions cl\u00e9s en main, rapidement d\u00e9ploy\u00e9es et sans co\u00fbts cach\u00e9s, assurent un retour sur investissement plus rapide et plus significatif de vos logiciels<\/p><h4><span style=\"color: #529ad1;\">Avantages personnels<\/span><\/h4><p>La tranquillit\u00e9 d'esprit r\u00e9sultant d'une meilleure exp\u00e9rience client tout au long du processus de mise en \u0153uvre<\/p><p>\u00a0<\/p><\/div><\/div><div class=\"row boxzonecontent\"><div class=\"twelve columns boxshadow boxlineleft\"><h4>Ce qui est inclus<\/h4><p>Le <span style=\"color: #529ad1;\"><strong>Programme BigBangBoMs <\/strong><\/span>est un service cl\u00e9 en main qui fait un usage optimal de la technologie d'int\u00e9gration de donn\u00e9es CAD-ERP d'Elmo Solutions, et comprend<\/p><ul class=\"type2\"><li>Entretiens avec les utilisateurs finaux et les administrateurs<\/li><li>Analyse pr\u00e9liminaire<\/li><li>Extraction par lots de toutes les m\u00e9tadonn\u00e9es CAO requises<\/li><li>Nettoyage des m\u00e9tadonn\u00e9es CAO<sup>(1)<\/sup><\/li><li>Cr\u00e9ation d'articles, de nomenclatures et des recettes dans le syst\u00e8me ERP<\/li><li>Validation des donn\u00e9es du ERP<\/li><li>Assistance aux administrateurs et aux utilisateurs finaux apr\u00e8s la mise en \u0153uvre<\/li><\/ul><\/div><\/div><div class=\"row\"><div class=\"twelve columns \"><p><em><sup>(1)<\/sup> Peut entra\u00eener des co\u00fbts suppl\u00e9mentaires dans les cas o\u00f9 un nettoyage approfondi est n\u00e9cessaire<\/em><\/p><\/div><\/div><\/div><\/div><\/div><\/div><p>[\/et_pb_text][\/et_pb_column][\/et_pb_row][\/et_pb_section]<\/p>","_et_gb_content_width":"","om_disable_all_campaigns":false,"wikipediapreview_detectlinks":true,"_monsterinsights_skip_tracking":false,"_monsterinsights_sitenote_active":false,"_monsterinsights_sitenote_note":"","_monsterinsights_sitenote_category":0,"footnotes":""},"class_list":["post-229788","page","type-page","status-publish","hentry"],"yoast_head":"<!-- This site is optimized with the Yoast SEO plugin v26.0 - https:\/\/yoast.com\/wordpress\/plugins\/seo\/ -->\n<title>Programme BigBangBoMs - Elmo Solutions - Chef de file en int\u00e9gration CAO-ERP<\/title>\n<meta name=\"robots\" content=\"index, follow, max-snippet:-1, max-image-preview:large, max-video-preview:-1\" \/>\n<link rel=\"canonical\" href=\"https:\/\/elmosolutions.com\/fr\/integration-du-cao-erp\/services-programmes\/programme-bigbangboms\/\" \/>\n<meta name=\"twitter:card\" content=\"summary_large_image\" \/>\n<meta name=\"twitter:title\" content=\"Programme BigBangBoMs - Elmo Solutions - Chef de file en int\u00e9gration CAO-ERP\" \/>\n<meta name=\"twitter:description\" content=\"[et_pb_section admin_label=&#8221;section&#8221;][et_pb_row admin_label=&#8221;row&#8221;][et_pb_column type=&#8221;1_4&#8243;][et_pb_sidebar admin_label=&#8221;Sidebar&#8221; orientation=&#8221;left&#8221; area=&#8221;et_pb_widget_area_4&#8243; background_layout=&#8221;light&#8221; remove_border=&#8221;off&#8221;] [\/et_pb_sidebar][\/et_pb_column][et_pb_column type=&#8221;3_4&#8243;][et_pb_text admin_label=&#8221;BigBangBoMs&#8221; background_layout=&#8221;light&#8221; text_orientation=&#8221;left&#8221; use_border_color=&#8221;off&#8221; border_color=&#8221;#ffffff&#8221; border_style=&#8221;solid&#8221;] BigBangBoMs &#8211; Importation de masse des donn\u00e9es CAO dans un ERP en toute s\u00e9curit\u00e9 et sans effort&#8230; et sans erreur ! Bien que l&#8217;int\u00e9gration des donn\u00e9es du ERP-CAO soit sans aucun doute l&#8217;une des plus grandes id\u00e9es depuis [&hellip;]\" \/>\n<meta name=\"twitter:image\" content=\"https:\/\/elmosolutions.com\/wp-content\/uploads\/2015\/11\/bigbangbom.jpg\" \/>\n<meta name=\"twitter:site\" content=\"@ElmoSolutions\" \/>\n<meta name=\"twitter:label1\" content=\"Dur\u00e9e de lecture estim\u00e9e\" \/>\n\t<meta name=\"twitter:data1\" content=\"3 minutes\" \/>\n<script type=\"application\/ld+json\" class=\"yoast-schema-graph\">{\"@context\":\"https:\/\/schema.org\",\"@graph\":[{\"@type\":\"WebPage\",\"@id\":\"https:\/\/elmosolutions.com\/fr\/integration-du-cao-erp\/services-programmes\/programme-bigbangboms\/\",\"url\":\"https:\/\/elmosolutions.com\/fr\/integration-du-cao-erp\/services-programmes\/programme-bigbangboms\/\",\"name\":\"Programme BigBangBoMs - Elmo Solutions - Chef de file en int\u00e9gration CAO-ERP\",\"isPartOf\":{\"@id\":\"https:\/\/elmosolutions.com\/fr\/#website\"},\"primaryImageOfPage\":{\"@id\":\"https:\/\/elmosolutions.com\/fr\/integration-du-cao-erp\/services-programmes\/programme-bigbangboms\/#primaryimage\"},\"image\":{\"@id\":\"https:\/\/elmosolutions.com\/fr\/integration-du-cao-erp\/services-programmes\/programme-bigbangboms\/#primaryimage\"},\"thumbnailUrl\":\"https:\/\/elmosolutions.com\/wp-content\/uploads\/2015\/11\/bigbangbom.jpg\",\"datePublished\":\"2020-02-02T02:59:41+00:00\",\"dateModified\":\"2022-07-26T17:49:51+00:00\",\"breadcrumb\":{\"@id\":\"https:\/\/elmosolutions.com\/fr\/integration-du-cao-erp\/services-programmes\/programme-bigbangboms\/#breadcrumb\"},\"inLanguage\":\"fr-FR\",\"potentialAction\":[{\"@type\":\"ReadAction\",\"target\":[\"https:\/\/elmosolutions.com\/fr\/integration-du-cao-erp\/services-programmes\/programme-bigbangboms\/\"]}]},{\"@type\":\"ImageObject\",\"inLanguage\":\"fr-FR\",\"@id\":\"https:\/\/elmosolutions.com\/fr\/integration-du-cao-erp\/services-programmes\/programme-bigbangboms\/#primaryimage\",\"url\":\"https:\/\/elmosolutions.com\/wp-content\/uploads\/2015\/11\/bigbangbom.jpg\",\"contentUrl\":\"https:\/\/elmosolutions.com\/wp-content\/uploads\/2015\/11\/bigbangbom.jpg\"},{\"@type\":\"BreadcrumbList\",\"@id\":\"https:\/\/elmosolutions.com\/fr\/integration-du-cao-erp\/services-programmes\/programme-bigbangboms\/#breadcrumb\",\"itemListElement\":[{\"@type\":\"ListItem\",\"position\":1,\"name\":\"Int\u00e9gration du CAD ERP : 4 choses \u00e0 attendre \u2013 plus \u00e0 demander !\",\"item\":\"https:\/\/elmosolutions.com\/fr\/integration-du-cao-erp\/\"},{\"@type\":\"ListItem\",\"position\":2,\"name\":\"Services et programmes\",\"item\":\"https:\/\/elmosolutions.com\/fr\/integration-du-cao-erp\/services-programmes\/\"},{\"@type\":\"ListItem\",\"position\":3,\"name\":\"Programme BigBangBoMs\"}]},{\"@type\":\"WebSite\",\"@id\":\"https:\/\/elmosolutions.com\/fr\/#website\",\"url\":\"https:\/\/elmosolutions.com\/fr\/\",\"name\":\"Elmo Solutions - The Leader in CAD and ERP Data Integration\",\"description\":\"Chef de file en int\u00e9gration CAO-ERP\",\"publisher\":{\"@id\":\"https:\/\/elmosolutions.com\/fr\/#organization\"},\"potentialAction\":[{\"@type\":\"SearchAction\",\"target\":{\"@type\":\"EntryPoint\",\"urlTemplate\":\"https:\/\/elmosolutions.com\/fr\/?s={search_term_string}\"},\"query-input\":{\"@type\":\"PropertyValueSpecification\",\"valueRequired\":true,\"valueName\":\"search_term_string\"}}],\"inLanguage\":\"fr-FR\"},{\"@type\":\"Organization\",\"@id\":\"https:\/\/elmosolutions.com\/fr\/#organization\",\"name\":\"Elmo Solutions\",\"url\":\"https:\/\/elmosolutions.com\/fr\/\",\"logo\":{\"@type\":\"ImageObject\",\"inLanguage\":\"fr-FR\",\"@id\":\"https:\/\/elmosolutions.com\/fr\/#\/schema\/logo\/image\/\",\"url\":\"https:\/\/elmosolutions.com\/wp-content\/uploads\/cropped-Logo-Elmo_200x62.png\",\"contentUrl\":\"https:\/\/elmosolutions.com\/wp-content\/uploads\/cropped-Logo-Elmo_200x62.png\",\"width\":200,\"height\":62,\"caption\":\"Elmo Solutions\"},\"image\":{\"@id\":\"https:\/\/elmosolutions.com\/fr\/#\/schema\/logo\/image\/\"},\"sameAs\":[\"https:\/\/www.facebook.com\/elmo.solutions.real\/\",\"https:\/\/x.com\/ElmoSolutions\",\"https:\/\/www.linkedin.com\/company\/2861153\",\"http:\/\/www.youtube.com\/elmosolutions\"]}]}<\/script>\n<!-- \/ Yoast SEO plugin. -->","yoast_head_json":{"title":"Programme BigBangBoMs - Elmo Solutions - Chef de file en int\u00e9gration CAO-ERP","robots":{"index":"index","follow":"follow","max-snippet":"max-snippet:-1","max-image-preview":"max-image-preview:large","max-video-preview":"max-video-preview:-1"},"canonical":"https:\/\/elmosolutions.com\/fr\/integration-du-cao-erp\/services-programmes\/programme-bigbangboms\/","twitter_card":"summary_large_image","twitter_title":"Programme BigBangBoMs - Elmo Solutions - Chef de file en int\u00e9gration CAO-ERP","twitter_description":"[et_pb_section admin_label=&#8221;section&#8221;][et_pb_row admin_label=&#8221;row&#8221;][et_pb_column type=&#8221;1_4&#8243;][et_pb_sidebar admin_label=&#8221;Sidebar&#8221; orientation=&#8221;left&#8221; area=&#8221;et_pb_widget_area_4&#8243; background_layout=&#8221;light&#8221; remove_border=&#8221;off&#8221;] [\/et_pb_sidebar][\/et_pb_column][et_pb_column type=&#8221;3_4&#8243;][et_pb_text admin_label=&#8221;BigBangBoMs&#8221; background_layout=&#8221;light&#8221; text_orientation=&#8221;left&#8221; use_border_color=&#8221;off&#8221; border_color=&#8221;#ffffff&#8221; border_style=&#8221;solid&#8221;] BigBangBoMs &#8211; Importation de masse des donn\u00e9es CAO dans un ERP en toute s\u00e9curit\u00e9 et sans effort&#8230; et sans erreur ! Bien que l&#8217;int\u00e9gration des donn\u00e9es du ERP-CAO soit sans aucun doute l&#8217;une des plus grandes id\u00e9es depuis [&hellip;]","twitter_image":"https:\/\/elmosolutions.com\/wp-content\/uploads\/2015\/11\/bigbangbom.jpg","twitter_site":"@ElmoSolutions","twitter_misc":{"Dur\u00e9e de lecture estim\u00e9e":"3 minutes"},"schema":{"@context":"https:\/\/schema.org","@graph":[{"@type":"WebPage","@id":"https:\/\/elmosolutions.com\/fr\/integration-du-cao-erp\/services-programmes\/programme-bigbangboms\/","url":"https:\/\/elmosolutions.com\/fr\/integration-du-cao-erp\/services-programmes\/programme-bigbangboms\/","name":"Programme BigBangBoMs - Elmo Solutions - Chef de file en int\u00e9gration CAO-ERP","isPartOf":{"@id":"https:\/\/elmosolutions.com\/fr\/#website"},"primaryImageOfPage":{"@id":"https:\/\/elmosolutions.com\/fr\/integration-du-cao-erp\/services-programmes\/programme-bigbangboms\/#primaryimage"},"image":{"@id":"https:\/\/elmosolutions.com\/fr\/integration-du-cao-erp\/services-programmes\/programme-bigbangboms\/#primaryimage"},"thumbnailUrl":"https:\/\/elmosolutions.com\/wp-content\/uploads\/2015\/11\/bigbangbom.jpg","datePublished":"2020-02-02T02:59:41+00:00","dateModified":"2022-07-26T17:49:51+00:00","breadcrumb":{"@id":"https:\/\/elmosolutions.com\/fr\/integration-du-cao-erp\/services-programmes\/programme-bigbangboms\/#breadcrumb"},"inLanguage":"fr-FR","potentialAction":[{"@type":"ReadAction","target":["https:\/\/elmosolutions.com\/fr\/integration-du-cao-erp\/services-programmes\/programme-bigbangboms\/"]}]},{"@type":"ImageObject","inLanguage":"fr-FR","@id":"https:\/\/elmosolutions.com\/fr\/integration-du-cao-erp\/services-programmes\/programme-bigbangboms\/#primaryimage","url":"https:\/\/elmosolutions.com\/wp-content\/uploads\/2015\/11\/bigbangbom.jpg","contentUrl":"https:\/\/elmosolutions.com\/wp-content\/uploads\/2015\/11\/bigbangbom.jpg"},{"@type":"BreadcrumbList","@id":"https:\/\/elmosolutions.com\/fr\/integration-du-cao-erp\/services-programmes\/programme-bigbangboms\/#breadcrumb","itemListElement":[{"@type":"ListItem","position":1,"name":"Int\u00e9gration du CAD ERP : 4 choses \u00e0 attendre \u2013 plus \u00e0 demander !","item":"https:\/\/elmosolutions.com\/fr\/integration-du-cao-erp\/"},{"@type":"ListItem","position":2,"name":"Services et programmes","item":"https:\/\/elmosolutions.com\/fr\/integration-du-cao-erp\/services-programmes\/"},{"@type":"ListItem","position":3,"name":"Programme BigBangBoMs"}]},{"@type":"WebSite","@id":"https:\/\/elmosolutions.com\/fr\/#website","url":"https:\/\/elmosolutions.com\/fr\/","name":"Elmo Solutions - The Leader in CAD and ERP Data Integration","description":"Chef de file en int\u00e9gration CAO-ERP","publisher":{"@id":"https:\/\/elmosolutions.com\/fr\/#organization"},"potentialAction":[{"@type":"SearchAction","target":{"@type":"EntryPoint","urlTemplate":"https:\/\/elmosolutions.com\/fr\/?s={search_term_string}"},"query-input":{"@type":"PropertyValueSpecification","valueRequired":true,"valueName":"search_term_string"}}],"inLanguage":"fr-FR"},{"@type":"Organization","@id":"https:\/\/elmosolutions.com\/fr\/#organization","name":"Elmo Solutions","url":"https:\/\/elmosolutions.com\/fr\/","logo":{"@type":"ImageObject","inLanguage":"fr-FR","@id":"https:\/\/elmosolutions.com\/fr\/#\/schema\/logo\/image\/","url":"https:\/\/elmosolutions.com\/wp-content\/uploads\/cropped-Logo-Elmo_200x62.png","contentUrl":"https:\/\/elmosolutions.com\/wp-content\/uploads\/cropped-Logo-Elmo_200x62.png","width":200,"height":62,"caption":"Elmo Solutions"},"image":{"@id":"https:\/\/elmosolutions.com\/fr\/#\/schema\/logo\/image\/"},"sameAs":["https:\/\/www.facebook.com\/elmo.solutions.real\/","https:\/\/x.com\/ElmoSolutions","https:\/\/www.linkedin.com\/company\/2861153","http:\/\/www.youtube.com\/elmosolutions"]}]}},"_links":{"self":[{"href":"https:\/\/elmosolutions.com\/fr\/wp-json\/wp\/v2\/pages\/229788","targetHints":{"allow":["GET"]}}],"collection":[{"href":"https:\/\/elmosolutions.com\/fr\/wp-json\/wp\/v2\/pages"}],"about":[{"href":"https:\/\/elmosolutions.com\/fr\/wp-json\/wp\/v2\/types\/page"}],"author":[{"embeddable":true,"href":"https:\/\/elmosolutions.com\/fr\/wp-json\/wp\/v2\/users\/1"}],"replies":[{"embeddable":true,"href":"https:\/\/elmosolutions.com\/fr\/wp-json\/wp\/v2\/comments?post=229788"}],"version-history":[{"count":0,"href":"https:\/\/elmosolutions.com\/fr\/wp-json\/wp\/v2\/pages\/229788\/revisions"}],"up":[{"embeddable":true,"href":"https:\/\/elmosolutions.com\/fr\/wp-json\/wp\/v2\/pages\/229671"}],"wp:attachment":[{"href":"https:\/\/elmosolutions.com\/fr\/wp-json\/wp\/v2\/media?parent=229788"}],"curies":[{"name":"wp","href":"https:\/\/api.w.org\/{rel}","templated":true}]}}