{"id":229798,"date":"2020-02-01T22:48:55","date_gmt":"2020-02-02T03:48:55","guid":{"rendered":"http:\/\/elmosolutions.comintegration-du-cao-erp\/services-et-programmes\/programme-jumpstart\/"},"modified":"2022-07-26T17:14:29","modified_gmt":"2022-07-26T21:14:29","slug":"jumpstart","status":"publish","type":"page","link":"https:\/\/elmosolutions.com\/fr\/integration-du-cao-erp\/services-programmes\/jumpstart\/","title":{"rendered":"Programme Jumpstart"},"content":{"rendered":"<p>[et_pb_section fb_built=&#8221;1&#8243; admin_label=&#8221;section&#8221; _builder_version=&#8221;3.22&#8243;][et_pb_row column_structure=&#8221;1_4,3_4&#8243; admin_label=&#8221;row&#8221; _builder_version=&#8221;3.25&#8243; background_size=&#8221;initial&#8221; background_position=&#8221;top_left&#8221; background_repeat=&#8221;repeat&#8221;][et_pb_column type=&#8221;1_4&#8243; _builder_version=&#8221;3.25&#8243; custom_padding=&#8221;|||&#8221; custom_padding__hover=&#8221;|||&#8221;][et_pb_sidebar area=&#8221;et_pb_widget_area_4&#8243; _builder_version=&#8221;3.0.106&#8243;][\/et_pb_sidebar][\/et_pb_column][et_pb_column type=&#8221;3_4&#8243; _builder_version=&#8221;3.25&#8243; custom_padding=&#8221;|||&#8221; custom_padding__hover=&#8221;|||&#8221;][et_pb_text admin_label=&#8221;JumpStart Program&#8221; _builder_version=&#8221;3.28&#8243; background_size=&#8221;initial&#8221; background_position=&#8221;top_left&#8221; background_repeat=&#8221;repeat&#8221; link_option_url_new_window=&#8221;on&#8221; use_border_color=&#8221;off&#8221;]<\/p>\n<h1>Programme d&#8217;aide \u00e0 la mise en route de l&#8217;int\u00e9gration de la CAO ERP \u00e0 prix fixe &#8211; Pas de surprises !<\/h1>\n<h2 class=\"article_title\"><span class=\"jumpsatrt\">\u00a0<img loading=\"lazy\" decoding=\"async\" class=\"alignnone wp-image-1273 size-full\" src=\"https:\/\/elmosolutions.com\/wp-content\/uploads\/2016\/03\/elmojumpstart.png\" alt=\"Enhance the value of your CAD-ERP data integration with the JumpStart Program\" width=\"699\" height=\"115\" srcset=\"https:\/\/elmosolutions.com\/wp-content\/uploads\/2016\/03\/elmojumpstart.png 699w, https:\/\/elmosolutions.com\/wp-content\/uploads\/2016\/03\/elmojumpstart-480x79.png 480w\" sizes=\"auto, (min-width: 0px) and (max-width: 480px) 480px, (min-width: 481px) 699px, 100vw\" \/><\/span><\/h2>\n<div class=\"article_content\">\n<div class=\"row boxzonecontent\">\n<div class=\"twelve columns boxshadow boxlineleft\">\n<p>Elmo Solutions, r\u00e9pondant aux nombreuses demandes de ses clients gr\u00e2ce \u00e0 des ann\u00e9es d&#8217;exp\u00e9rience pratique, a con\u00e7u le programme JumpStart, un programme de mise en \u0153uvre essentiel pour la technologie <a href=\"https:\/\/elmosolutions.com\/fr\/cad-pdm-plm-erp-transfert-nomenclatures\/\">Agni Link<\/a>. Ce programme complet de meilleures pratiques, de services et de formation est con\u00e7u pour &#8220;d\u00e9marrer&#8221; vos processus d&#8217;entreprise en quelques heures seulement, afin de les transformer en une solution d&#8217;int\u00e9gration de donn\u00e9es ERP-CAO ou de gestion de donn\u00e9es plus efficace.<\/p>\n<p>L&#8217;adoption d&#8217;une nouvelle solution d&#8217;int\u00e9gration de donn\u00e9es ou de gestion de donn\u00e9es ERP-CAO peut avoir un impact important sur vos processus commerciaux. Ces programmes vous aideront \u00e0 faciliter cette transition.<\/p>\n<p>&nbsp;<\/p>\n<p>&nbsp;<\/p>\n<div class=\"flechebasright\"><\/div>\n<\/div>\n<\/div>\n<div class=\"row boxzonecontent\">\n<div class=\"twelve columns boxshadow boxlineright\">\n<h4>Qui peut en b\u00e9n\u00e9ficier<\/h4>\n<p>Les clients potentiels ou existants qui s&#8217;appr\u00eatent \u00e0 investir ou l&#8217;ont d\u00e9j\u00e0 fait, dans <a href=\"https:\/\/elmosolutions.com\/fr\/integration-du-cao-erp\/demonstration-gratuite\/\">Agni Link.<\/a><\/p>\n<h4>Avantages financiers<\/h4>\n<p>Des solutions cl\u00e9s en main, rapidement d\u00e9ploy\u00e9es et sans co\u00fbts cach\u00e9s, assurent un retour sur investissement plus rapide et plus significatif de vos logiciels.<\/p>\n<h4>Avantages personnels<\/h4>\n<p>La tranquillit\u00e9 d&#8217;esprit r\u00e9sultant d&#8217;une exp\u00e9rience client am\u00e9lior\u00e9e tout au long du processus de mise en \u0153uvre.<\/p>\n<p>&nbsp;<\/p>\n<\/div>\n<\/div>\n<div class=\"row boxzonecontent\">\n<div class=\"twelve columns boxshadow boxlineleft\">\n<h4>Ce qui est inclus<\/h4>\n<p>Les programmes JumpStart d&#8217;Elmo Solutions sont des offres de services regroup\u00e9s qui couvrent toute la gamme des services de soutien \u00e0 la mise en \u0153uvre, parmi lesquels:<\/p>\n<ul class=\"type2\">\n<li>Entretiens avec les utilisateurs finaux et les administrateurs<\/li>\n<li>Analyse pr\u00e9liminaire<\/li>\n<li>Analyse des processus d&#8217;entreprise<\/li>\n<li>Recommandations pour l&#8217;am\u00e9lioration des processus d&#8217;entreprise<\/li>\n<li>Planification de la mise en route<\/li>\n<li>Assistance au d\u00e9ploiement<\/li>\n<li>S\u00e9ance de test d&#8217;acceptation (1) avec int\u00e9gration pr\u00eate \u00e0 l&#8217;emploi<\/li>\n<li>Session de test d&#8217;acceptation (1) avec int\u00e9gration personnalis\u00e9e<\/li>\n<li>Formation des utilisateurs finaux<\/li>\n<li>Formation des administrateurs<\/li>\n<li>Assistance aux administrateurs et aux utilisateurs finaux apr\u00e8s la mise en route<\/li>\n<li>Suivi de la mise en route<\/li>\n<li>Validation du retour sur investissement<\/li>\n<\/ul>\n<\/div>\n<\/div>\n<\/div>\n<h4>Ce qui peut ne pas \u00eatre inclus<\/h4>\n<p>Au cours du processus de mise en route, il peut arriver que de nouvelles exigences qui ne sont pas sp\u00e9cifiquement li\u00e9es \u00e0 Agni Link apparaissent. Bien qu&#8217;elles soient hors du champ d&#8217;application du programme, l&#8217;\u00e9quipe d&#8217;Elmo Solutions se fera un plaisir de travailler sur ces questions pour une somme modique, en fonction du temps et du mat\u00e9riel. Ces services sont g\u00e9n\u00e9ralement li\u00e9s \u00e0 des questions telles que<\/p>\n<ul>\n<li>Questions li\u00e9es \u00e0 l&#8217;environnement\n<ul>\n<li>Services web expos\u00e9s de mani\u00e8re abusive<\/li>\n<li>Objets de donn\u00e9es manquants ou corrompus<\/li>\n<\/ul>\n<\/li>\n<li>Questions relatives \u00e0 la plate-forme\n<ul>\n<li>Environnement de test non accessible<\/li>\n<\/ul>\n<\/li>\n<li>Questions li\u00e9es \u00e0 la s\u00e9curit\u00e9\n<ul>\n<li>Autorisations insuffisantes<\/li>\n<li>Application CAO\/PDM\/PLM avec une licence inad\u00e9quate<\/li>\n<li>Application ERP sous licence inad\u00e9quate<\/li>\n<\/ul>\n<\/li>\n<li>Questions li\u00e9es \u00e0 la connaissance\n<ul>\n<li>Assistance technique sur l&#8217;application CAO\/PDM\/PLM<\/li>\n<li>Assistance technique sur l&#8217;application ERP<\/li>\n<\/ul>\n<\/li>\n<li>Travaux hors champ\n<ul>\n<li>S\u00e9ances suppl\u00e9mentaires \u00e0 la demande du client\n<ul>\n<li>Test<\/li>\n<li>Formation<\/li>\n<\/ul>\n<\/li>\n<\/ul>\n<\/li>\n<li>Questions li\u00e9es aux ressources humaines\n<ul>\n<li>Travaux d\u00e9coulant de questions non techniques\n<ul>\n<li>Les employ\u00e9s difficiles du client<\/li>\n<li>Gestion des crises<\/li>\n<li>etc.<\/li>\n<\/ul>\n<\/li>\n<\/ul>\n<\/li>\n<\/ul>\n<p>&nbsp;[\/et_pb_text][\/et_pb_column][\/et_pb_row][et_pb_row column_structure=&#8221;1_3,1_3,1_3&#8243; padding_mobile=&#8221;off&#8221; make_equal=&#8221;on&#8221; column_padding_mobile=&#8221;on&#8221; admin_label=&#8221;Call To Action&#8221; _builder_version=&#8221;3.25&#8243; background_size=&#8221;initial&#8221; background_position=&#8221;top_left&#8221; background_repeat=&#8221;repeat&#8221; saved_tabs=&#8221;all&#8221;][et_pb_column type=&#8221;1_3&#8243; _builder_version=&#8221;3.25&#8243; custom_padding=&#8221;|||&#8221; custom_padding__hover=&#8221;|||&#8221;][et_pb_blurb use_icon=&#8221;on&#8221; font_icon=&#8221;%%84%%&#8221; icon_color=&#8221;#ffffff&#8221; use_circle=&#8221;on&#8221; circle_color=&#8221;#ff8000&#8243; use_circle_border=&#8221;on&#8221; circle_border_color=&#8221;#ff8000&#8243; admin_label=&#8221;Learn More!&#8221; _builder_version=&#8221;3.28&#8243; background_color=&#8221;#ffffff&#8221; link_option_url=&#8221;http:\/\/elmosolutions.com\/fr\/contactez-nous\/&#8221;]<\/p>\n<h3 style=\"text-align: center;\">Plus d&#8217;information!<\/h3>\n<p>[\/et_pb_blurb][\/et_pb_column][et_pb_column type=&#8221;1_3&#8243; _builder_version=&#8221;3.25&#8243; custom_padding=&#8221;|||&#8221; custom_padding__hover=&#8221;|||&#8221;][et_pb_blurb use_icon=&#8221;on&#8221; font_icon=&#8221;%%158%%&#8221; icon_color=&#8221;#ffffff&#8221; use_circle=&#8221;on&#8221; circle_color=&#8221;#ff8000&#8243; use_circle_border=&#8221;on&#8221; circle_border_color=&#8221;#ff8000&#8243; admin_label=&#8221;Book a Demo!&#8221; _builder_version=&#8221;3.28&#8243; background_color=&#8221;#ffffff&#8221; link_option_url=&#8221;http:\/\/elmosolutions.com\/fr\/demander-une-demonstration-gratuite\/&#8221;]<\/p>\n<h3 style=\"text-align: center;\">D\u00e9monstration!<\/h3>\n<p>[\/et_pb_blurb][\/et_pb_column][et_pb_column type=&#8221;1_3&#8243; _builder_version=&#8221;3.25&#8243; custom_padding=&#8221;|||&#8221; custom_padding__hover=&#8221;|||&#8221;][et_pb_blurb use_icon=&#8221;on&#8221; font_icon=&#8221;%%264%%&#8221; icon_color=&#8221;#ffffff&#8221; use_circle=&#8221;on&#8221; circle_color=&#8221;#ff8000&#8243; use_circle_border=&#8221;on&#8221; circle_border_color=&#8221;#ff8000&#8243; admin_label=&#8221;Contact Us!&#8221; _builder_version=&#8221;3.28&#8243; background_color=&#8221;#ffffff&#8221; link_option_url=&#8221;http:\/\/elmosolutions.com\/fr\/contactez-nous\/&#8221;]<\/p>\n<h3 style=\"text-align: center;\">Contactez-nous!<\/h3>\n<p>[\/et_pb_blurb][\/et_pb_column][\/et_pb_row][\/et_pb_section]<\/p>\n","protected":false},"excerpt":{"rendered":"<p>Programme d&#8217;aide \u00e0 la mise en route de l&#8217;int\u00e9gration de la CAO ERP \u00e0 prix fixe &#8211; Pas de surprises ! \u00a0 Elmo Solutions, r\u00e9pondant aux nombreuses demandes de ses clients gr\u00e2ce \u00e0 des ann\u00e9es d&#8217;exp\u00e9rience pratique, a con\u00e7u le programme JumpStart, un programme de mise en \u0153uvre essentiel pour la technologie Agni Link. Ce [&hellip;]<\/p>\n","protected":false},"author":1,"featured_media":0,"parent":229671,"menu_order":8,"comment_status":"closed","ping_status":"closed","template":"","meta":{"_et_pb_use_builder":"on","_et_pb_old_content":"<p>[et_pb_section admin_label=\"section\"][et_pb_row admin_label=\"row\"][et_pb_column type=\"1_4\"][et_pb_sidebar admin_label=\"Sidebar\" orientation=\"left\" area=\"et_pb_widget_area_4\" background_layout=\"light\" remove_border=\"off\"] [\/et_pb_sidebar][\/et_pb_column][et_pb_column type=\"3_4\"][et_pb_text admin_label=\"JumpStart Program\" background_layout=\"light\" text_orientation=\"left\" use_border_color=\"off\" border_color=\"#ffffff\" border_style=\"solid\"]<\/p><h2 class=\"article_title\"><span class=\"jumpsatrt\">\u00a0<img class=\"alignnone wp-image-42472 size-full\" src=\"http:\/\/elmosolutions.com\/wp-content\/uploads\/2016\/03\/elmojumpstart.png\" alt=\"Enhance the value of your CAD-ERP data integration with the JumpStart Program\" width=\"699\" height=\"115\" \/><\/span><\/h2><div class=\"article_content\"><div class=\"row boxzonecontent\"><div class=\"twelve columns boxshadow boxlineleft\"><h4>Enhance the ROI... Sign Up for the JumpStart Program<\/h4><p>Elmo Solutions, responding to numerous customer requests through years of hands-on experience, has designed the JumpStart Program, a critical implementation program for Agni Link technology. This complete best practice, service, and training package is designed to \u201cJumpStart\" your business processes into a more efficient working ERP-CAD data integration or data management solution, in just a few hours.<\/p><p>Adopting a new ERP-CAD data integration or data management solution can have a significant impact on your business processes. The Jumpstart Programs will help you smoothen that transition.<\/p><p>\u00a0<\/p><div class=\"flechebasright\">\u00a0<\/div><\/div><\/div><div class=\"row boxzonecontent\"><div class=\"twelve columns boxshadow boxlineright\"><h4>Who Can Benefit<\/h4><p>New or existing customers that are considering, or have already invested in <a href=\"http:\/\/elmosolutions.com\/home\/cad-erp-integration\/cad-link-erp-demo\/\">Agni Link.<\/a><\/p><h4>Financial Benefits<\/h4><p>Turnkey, rapidly deployed solutions with no hidden costs, ensure a quicker and more significant return on your software investment.<\/p><h4>Personal benefits<\/h4><p>Peace of mind resulting from an improved customer experience throughout the implementation process.<\/p><p>\u00a0<\/p><\/div><\/div><div class=\"row boxzonecontent\"><div class=\"twelve columns boxshadow boxlineleft\"><h4>What's included<\/h4><p>Elmo Solutions' JumpStart Programs are packaged service offerings that cover the full range of implementation support services, among which:<\/p><ul class=\"type2\"><li>End-user and administrator interviews<\/li><li>Preliminary analysis<\/li><li>Business process analysis<\/li><li>Business process improvement recommendations<\/li><li>Implementation\u00a0planning<\/li><li>Deployment support<\/li><li>End-user training<\/li><li>Administrator training<\/li><li>Post-implementation administrator and end-user support<\/li><li>Follow-up on implementation<\/li><li>ROI validation<\/li><\/ul><\/div><\/div><\/div><p>[\/et_pb_text][\/et_pb_column][\/et_pb_row][\/et_pb_section]<\/p>","_et_gb_content_width":"","om_disable_all_campaigns":false,"wikipediapreview_detectlinks":true,"_monsterinsights_skip_tracking":false,"_monsterinsights_sitenote_active":false,"_monsterinsights_sitenote_note":"","_monsterinsights_sitenote_category":0,"footnotes":""},"class_list":["post-229798","page","type-page","status-publish","hentry"],"yoast_head":"<!-- This site is optimized with the Yoast SEO plugin v26.0 - https:\/\/yoast.com\/wordpress\/plugins\/seo\/ -->\n<title>Programmes et services d&#039;int\u00e9gration CAO ERP - Le programme Jumpstart<\/title>\n<meta name=\"description\" content=\"Le programme Jumpstart d&#039;Elmo Solutions fournit tous les services d&#039;assistance \u00e0 la mise en \u0153uvre dont nos clients Agni Link peuvent avoir besoin au cours de leur projet d&#039;int\u00e9gration CAD-ERP en termes de conseil, formation, installation... le tout pour un prix fixe !\" \/>\n<meta name=\"robots\" content=\"index, follow, max-snippet:-1, max-image-preview:large, max-video-preview:-1\" \/>\n<link rel=\"canonical\" href=\"https:\/\/elmosolutions.com\/fr\/integration-du-cao-erp\/services-programmes\/jumpstart\/\" \/>\n<meta name=\"twitter:card\" content=\"summary_large_image\" \/>\n<meta name=\"twitter:title\" content=\"Programmes et services d&#039;int\u00e9gration CAO ERP - Le programme Jumpstart\" \/>\n<meta name=\"twitter:description\" content=\"Le programme Jumpstart d&#039;Elmo Solutions fournit tous les services d&#039;assistance \u00e0 la mise en \u0153uvre dont nos clients Agni Link peuvent avoir besoin au cours de leur projet d&#039;int\u00e9gration CAD-ERP en termes de conseil, formation, installation... le tout pour un prix fixe !\" \/>\n<meta name=\"twitter:image\" content=\"https:\/\/elmosolutions.com\/wp-content\/uploads\/2016\/03\/elmojumpstart.png\" \/>\n<meta name=\"twitter:site\" content=\"@ElmoSolutions\" \/>\n<meta name=\"twitter:label1\" content=\"Dur\u00e9e de lecture estim\u00e9e\" \/>\n\t<meta name=\"twitter:data1\" content=\"4 minutes\" \/>\n<script type=\"application\/ld+json\" class=\"yoast-schema-graph\">{\"@context\":\"https:\/\/schema.org\",\"@graph\":[{\"@type\":\"WebPage\",\"@id\":\"https:\/\/elmosolutions.com\/fr\/integration-du-cao-erp\/services-programmes\/jumpstart\/\",\"url\":\"https:\/\/elmosolutions.com\/fr\/integration-du-cao-erp\/services-programmes\/jumpstart\/\",\"name\":\"Programmes et services d'int\u00e9gration CAO ERP - Le programme Jumpstart\",\"isPartOf\":{\"@id\":\"https:\/\/elmosolutions.com\/fr\/#website\"},\"primaryImageOfPage\":{\"@id\":\"https:\/\/elmosolutions.com\/fr\/integration-du-cao-erp\/services-programmes\/jumpstart\/#primaryimage\"},\"image\":{\"@id\":\"https:\/\/elmosolutions.com\/fr\/integration-du-cao-erp\/services-programmes\/jumpstart\/#primaryimage\"},\"thumbnailUrl\":\"https:\/\/elmosolutions.com\/wp-content\/uploads\/2016\/03\/elmojumpstart.png\",\"datePublished\":\"2020-02-02T03:48:55+00:00\",\"dateModified\":\"2022-07-26T21:14:29+00:00\",\"description\":\"Le programme Jumpstart d'Elmo Solutions fournit tous les services d'assistance \u00e0 la mise en \u0153uvre dont nos clients Agni Link peuvent avoir besoin au cours de leur projet d'int\u00e9gration CAD-ERP en termes de conseil, formation, installation... le tout pour un prix fixe !\",\"breadcrumb\":{\"@id\":\"https:\/\/elmosolutions.com\/fr\/integration-du-cao-erp\/services-programmes\/jumpstart\/#breadcrumb\"},\"inLanguage\":\"fr-FR\",\"potentialAction\":[{\"@type\":\"ReadAction\",\"target\":[\"https:\/\/elmosolutions.com\/fr\/integration-du-cao-erp\/services-programmes\/jumpstart\/\"]}]},{\"@type\":\"ImageObject\",\"inLanguage\":\"fr-FR\",\"@id\":\"https:\/\/elmosolutions.com\/fr\/integration-du-cao-erp\/services-programmes\/jumpstart\/#primaryimage\",\"url\":\"https:\/\/elmosolutions.com\/wp-content\/uploads\/2016\/03\/elmojumpstart.png\",\"contentUrl\":\"https:\/\/elmosolutions.com\/wp-content\/uploads\/2016\/03\/elmojumpstart.png\"},{\"@type\":\"BreadcrumbList\",\"@id\":\"https:\/\/elmosolutions.com\/fr\/integration-du-cao-erp\/services-programmes\/jumpstart\/#breadcrumb\",\"itemListElement\":[{\"@type\":\"ListItem\",\"position\":1,\"name\":\"Int\u00e9gration du CAD ERP : 4 choses \u00e0 attendre \u2013 plus \u00e0 demander !\",\"item\":\"https:\/\/elmosolutions.com\/fr\/integration-du-cao-erp\/\"},{\"@type\":\"ListItem\",\"position\":2,\"name\":\"Services et programmes\",\"item\":\"https:\/\/elmosolutions.com\/fr\/integration-du-cao-erp\/services-programmes\/\"},{\"@type\":\"ListItem\",\"position\":3,\"name\":\"Programme Jumpstart\"}]},{\"@type\":\"WebSite\",\"@id\":\"https:\/\/elmosolutions.com\/fr\/#website\",\"url\":\"https:\/\/elmosolutions.com\/fr\/\",\"name\":\"Elmo Solutions - The Leader in CAD and ERP Data Integration\",\"description\":\"Chef de file en int\u00e9gration CAO-ERP\",\"publisher\":{\"@id\":\"https:\/\/elmosolutions.com\/fr\/#organization\"},\"potentialAction\":[{\"@type\":\"SearchAction\",\"target\":{\"@type\":\"EntryPoint\",\"urlTemplate\":\"https:\/\/elmosolutions.com\/fr\/?s={search_term_string}\"},\"query-input\":{\"@type\":\"PropertyValueSpecification\",\"valueRequired\":true,\"valueName\":\"search_term_string\"}}],\"inLanguage\":\"fr-FR\"},{\"@type\":\"Organization\",\"@id\":\"https:\/\/elmosolutions.com\/fr\/#organization\",\"name\":\"Elmo Solutions\",\"url\":\"https:\/\/elmosolutions.com\/fr\/\",\"logo\":{\"@type\":\"ImageObject\",\"inLanguage\":\"fr-FR\",\"@id\":\"https:\/\/elmosolutions.com\/fr\/#\/schema\/logo\/image\/\",\"url\":\"https:\/\/elmosolutions.com\/wp-content\/uploads\/cropped-Logo-Elmo_200x62.png\",\"contentUrl\":\"https:\/\/elmosolutions.com\/wp-content\/uploads\/cropped-Logo-Elmo_200x62.png\",\"width\":200,\"height\":62,\"caption\":\"Elmo Solutions\"},\"image\":{\"@id\":\"https:\/\/elmosolutions.com\/fr\/#\/schema\/logo\/image\/\"},\"sameAs\":[\"https:\/\/www.facebook.com\/elmo.solutions.real\/\",\"https:\/\/x.com\/ElmoSolutions\",\"https:\/\/www.linkedin.com\/company\/2861153\",\"http:\/\/www.youtube.com\/elmosolutions\"]}]}<\/script>\n<!-- \/ Yoast SEO plugin. -->","yoast_head_json":{"title":"Programmes et services d'int\u00e9gration CAO ERP - Le programme Jumpstart","description":"Le programme Jumpstart d'Elmo Solutions fournit tous les services d'assistance \u00e0 la mise en \u0153uvre dont nos clients Agni Link peuvent avoir besoin au cours de leur projet d'int\u00e9gration CAD-ERP en termes de conseil, formation, installation... le tout pour un prix fixe !","robots":{"index":"index","follow":"follow","max-snippet":"max-snippet:-1","max-image-preview":"max-image-preview:large","max-video-preview":"max-video-preview:-1"},"canonical":"https:\/\/elmosolutions.com\/fr\/integration-du-cao-erp\/services-programmes\/jumpstart\/","twitter_card":"summary_large_image","twitter_title":"Programmes et services d'int\u00e9gration CAO ERP - Le programme Jumpstart","twitter_description":"Le programme Jumpstart d'Elmo Solutions fournit tous les services d'assistance \u00e0 la mise en \u0153uvre dont nos clients Agni Link peuvent avoir besoin au cours de leur projet d'int\u00e9gration CAD-ERP en termes de conseil, formation, installation... le tout pour un prix fixe !","twitter_image":"https:\/\/elmosolutions.com\/wp-content\/uploads\/2016\/03\/elmojumpstart.png","twitter_site":"@ElmoSolutions","twitter_misc":{"Dur\u00e9e de lecture estim\u00e9e":"4 minutes"},"schema":{"@context":"https:\/\/schema.org","@graph":[{"@type":"WebPage","@id":"https:\/\/elmosolutions.com\/fr\/integration-du-cao-erp\/services-programmes\/jumpstart\/","url":"https:\/\/elmosolutions.com\/fr\/integration-du-cao-erp\/services-programmes\/jumpstart\/","name":"Programmes et services d'int\u00e9gration CAO ERP - Le programme Jumpstart","isPartOf":{"@id":"https:\/\/elmosolutions.com\/fr\/#website"},"primaryImageOfPage":{"@id":"https:\/\/elmosolutions.com\/fr\/integration-du-cao-erp\/services-programmes\/jumpstart\/#primaryimage"},"image":{"@id":"https:\/\/elmosolutions.com\/fr\/integration-du-cao-erp\/services-programmes\/jumpstart\/#primaryimage"},"thumbnailUrl":"https:\/\/elmosolutions.com\/wp-content\/uploads\/2016\/03\/elmojumpstart.png","datePublished":"2020-02-02T03:48:55+00:00","dateModified":"2022-07-26T21:14:29+00:00","description":"Le programme Jumpstart d'Elmo Solutions fournit tous les services d'assistance \u00e0 la mise en \u0153uvre dont nos clients Agni Link peuvent avoir besoin au cours de leur projet d'int\u00e9gration CAD-ERP en termes de conseil, formation, installation... le tout pour un prix fixe !","breadcrumb":{"@id":"https:\/\/elmosolutions.com\/fr\/integration-du-cao-erp\/services-programmes\/jumpstart\/#breadcrumb"},"inLanguage":"fr-FR","potentialAction":[{"@type":"ReadAction","target":["https:\/\/elmosolutions.com\/fr\/integration-du-cao-erp\/services-programmes\/jumpstart\/"]}]},{"@type":"ImageObject","inLanguage":"fr-FR","@id":"https:\/\/elmosolutions.com\/fr\/integration-du-cao-erp\/services-programmes\/jumpstart\/#primaryimage","url":"https:\/\/elmosolutions.com\/wp-content\/uploads\/2016\/03\/elmojumpstart.png","contentUrl":"https:\/\/elmosolutions.com\/wp-content\/uploads\/2016\/03\/elmojumpstart.png"},{"@type":"BreadcrumbList","@id":"https:\/\/elmosolutions.com\/fr\/integration-du-cao-erp\/services-programmes\/jumpstart\/#breadcrumb","itemListElement":[{"@type":"ListItem","position":1,"name":"Int\u00e9gration du CAD ERP : 4 choses \u00e0 attendre \u2013 plus \u00e0 demander !","item":"https:\/\/elmosolutions.com\/fr\/integration-du-cao-erp\/"},{"@type":"ListItem","position":2,"name":"Services et programmes","item":"https:\/\/elmosolutions.com\/fr\/integration-du-cao-erp\/services-programmes\/"},{"@type":"ListItem","position":3,"name":"Programme Jumpstart"}]},{"@type":"WebSite","@id":"https:\/\/elmosolutions.com\/fr\/#website","url":"https:\/\/elmosolutions.com\/fr\/","name":"Elmo Solutions - The Leader in CAD and ERP Data Integration","description":"Chef de file en int\u00e9gration CAO-ERP","publisher":{"@id":"https:\/\/elmosolutions.com\/fr\/#organization"},"potentialAction":[{"@type":"SearchAction","target":{"@type":"EntryPoint","urlTemplate":"https:\/\/elmosolutions.com\/fr\/?s={search_term_string}"},"query-input":{"@type":"PropertyValueSpecification","valueRequired":true,"valueName":"search_term_string"}}],"inLanguage":"fr-FR"},{"@type":"Organization","@id":"https:\/\/elmosolutions.com\/fr\/#organization","name":"Elmo Solutions","url":"https:\/\/elmosolutions.com\/fr\/","logo":{"@type":"ImageObject","inLanguage":"fr-FR","@id":"https:\/\/elmosolutions.com\/fr\/#\/schema\/logo\/image\/","url":"https:\/\/elmosolutions.com\/wp-content\/uploads\/cropped-Logo-Elmo_200x62.png","contentUrl":"https:\/\/elmosolutions.com\/wp-content\/uploads\/cropped-Logo-Elmo_200x62.png","width":200,"height":62,"caption":"Elmo Solutions"},"image":{"@id":"https:\/\/elmosolutions.com\/fr\/#\/schema\/logo\/image\/"},"sameAs":["https:\/\/www.facebook.com\/elmo.solutions.real\/","https:\/\/x.com\/ElmoSolutions","https:\/\/www.linkedin.com\/company\/2861153","http:\/\/www.youtube.com\/elmosolutions"]}]}},"_links":{"self":[{"href":"https:\/\/elmosolutions.com\/fr\/wp-json\/wp\/v2\/pages\/229798","targetHints":{"allow":["GET"]}}],"collection":[{"href":"https:\/\/elmosolutions.com\/fr\/wp-json\/wp\/v2\/pages"}],"about":[{"href":"https:\/\/elmosolutions.com\/fr\/wp-json\/wp\/v2\/types\/page"}],"author":[{"embeddable":true,"href":"https:\/\/elmosolutions.com\/fr\/wp-json\/wp\/v2\/users\/1"}],"replies":[{"embeddable":true,"href":"https:\/\/elmosolutions.com\/fr\/wp-json\/wp\/v2\/comments?post=229798"}],"version-history":[{"count":0,"href":"https:\/\/elmosolutions.com\/fr\/wp-json\/wp\/v2\/pages\/229798\/revisions"}],"up":[{"embeddable":true,"href":"https:\/\/elmosolutions.com\/fr\/wp-json\/wp\/v2\/pages\/229671"}],"wp:attachment":[{"href":"https:\/\/elmosolutions.com\/fr\/wp-json\/wp\/v2\/media?parent=229798"}],"curies":[{"name":"wp","href":"https:\/\/api.w.org\/{rel}","templated":true}]}}