{"id":289209,"date":"2022-07-25T21:08:30","date_gmt":"2022-07-26T01:08:30","guid":{"rendered":"https:\/\/elmosolutions.com\/emplacements\/"},"modified":"2022-07-26T19:47:47","modified_gmt":"2022-07-26T23:47:47","slug":"emplacements","status":"publish","type":"page","link":"https:\/\/elmosolutions.com\/fr\/emplacements\/","title":{"rendered":"Emplacements"},"content":{"rendered":"<p>[et_pb_section fb_built=&#8221;1&#8243; _builder_version=&#8221;4.11.0&#8243; _module_preset=&#8221;default&#8221; global_colors_info=&#8221;{}&#8221;][et_pb_row column_structure=&#8221;1_2,1_2&#8243; _builder_version=&#8221;4.11.0&#8243; _module_preset=&#8221;default&#8221; global_colors_info=&#8221;{}&#8221;][et_pb_column type=&#8221;1_2&#8243; _builder_version=&#8221;4.11.0&#8243; _module_preset=&#8221;default&#8221; global_colors_info=&#8221;{}&#8221;][et_pb_blurb title=&#8221;Am\u00e9riques&#8221; admin_label=&#8221;Text &#8211; Street Address&#8221; _builder_version=&#8221;4.11.0&#8243; header_text_color=&#8221;#ff8000&#8243; header_font_size=&#8221;28px&#8221; body_font=&#8221;Roboto|300|||||||&#8221; body_text_color=&#8221;#0C71C3&#8243; body_font_size=&#8221;18px&#8221; text_orientation=&#8221;center&#8221; animation_style=&#8221;zoom&#8221; global_colors_info=&#8221;{}&#8221;]<\/p>\n<p>797 boul. Lebourgneuf, Suite 300<br \/>Quebec (Quebec)<br \/>CANADA<br \/>G2J 0B5<\/p>\n<p>Toll-free: 844-4-CAD-ERP (866-422-3377)<br \/>Toll: +1-418-623-7755<\/p>\n<p>[\/et_pb_blurb][\/et_pb_column][et_pb_column type=&#8221;1_2&#8243; _builder_version=&#8221;4.11.0&#8243; _module_preset=&#8221;default&#8221; global_colors_info=&#8221;{}&#8221;][dsm_embed_google_map address=&#8221;797 boul. Lebourgneuf, Quebec (Quebec) CANADA G2J 0B5&#8243; _builder_version=&#8221;4.11.0&#8243; _module_preset=&#8221;default&#8221; global_colors_info=&#8221;{}&#8221;][\/dsm_embed_google_map][\/et_pb_column][\/et_pb_row][et_pb_row column_structure=&#8221;1_2,1_2&#8243; _builder_version=&#8221;4.11.0&#8243; _module_preset=&#8221;default&#8221; global_colors_info=&#8221;{}&#8221;][et_pb_column type=&#8221;1_2&#8243; _builder_version=&#8221;4.11.0&#8243; _module_preset=&#8221;default&#8221; global_colors_info=&#8221;{}&#8221;][et_pb_blurb title=&#8221;Europe et Moyen-Orient&#8221; admin_label=&#8221;Text &#8211; Street Address&#8221; _builder_version=&#8221;4.11.0&#8243; header_text_color=&#8221;#ff8000&#8243; header_font_size=&#8221;28px&#8221; body_font=&#8221;Roboto|300|||||||&#8221; body_text_color=&#8221;#0C71C3&#8243; body_font_size=&#8221;18px&#8221; text_orientation=&#8221;center&#8221; animation_style=&#8221;zoom&#8221; global_colors_info=&#8221;{}&#8221;]<\/p>\n<p>124 City Road<br \/>London<br \/>EC1V 2NX<br \/>UK<\/p>\n<p>+44 (0)203 318 2559<\/p>\n<p>[\/et_pb_blurb][\/et_pb_column][et_pb_column type=&#8221;1_2&#8243; _builder_version=&#8221;4.11.0&#8243; _module_preset=&#8221;default&#8221; global_colors_info=&#8221;{}&#8221;][dsm_embed_google_map address=&#8221;124 City Road, London, EC1V 2NX, UK&#8221; _builder_version=&#8221;4.11.0&#8243; _module_preset=&#8221;default&#8221; global_colors_info=&#8221;{}&#8221;][\/dsm_embed_google_map][\/et_pb_column][\/et_pb_row][et_pb_row column_structure=&#8221;1_2,1_2&#8243; _builder_version=&#8221;4.11.0&#8243; _module_preset=&#8221;default&#8221; global_colors_info=&#8221;{}&#8221;][et_pb_column type=&#8221;1_2&#8243; _builder_version=&#8221;4.11.0&#8243; _module_preset=&#8221;default&#8221; global_colors_info=&#8221;{}&#8221;][et_pb_blurb title=&#8221;Asie et Pacifique&#8221; url=&#8221;https:\/\/goo.gl\/maps\/64kev4BWFHR9dmkd6&#8243; url_new_window=&#8221;on&#8221; admin_label=&#8221;Text &#8211; Street Address&#8221; _builder_version=&#8221;4.11.0&#8243; header_text_color=&#8221;#ff8000&#8243; header_font_size=&#8221;28px&#8221; body_font=&#8221;Roboto|300|||||||&#8221; body_text_color=&#8221;#0C71C3&#8243; body_font_size=&#8221;18px&#8221; text_orientation=&#8221;center&#8221; animation_style=&#8221;zoom&#8221; link_option_url=&#8221;https:\/\/goo.gl\/maps\/64kev4BWFHR9dmkd6&#8243; hover_enabled=&#8221;0&#8243; global_colors_info=&#8221;{}&#8221; sticky_enabled=&#8221;0&#8243;]<\/p>\n<p>7 Temasek Boulevard<br \/>#12-07 Suntec Tower One<br \/>Singapore 038987<\/p>\n<p>+64 9-801-2028<\/p>\n<p>[\/et_pb_blurb][\/et_pb_column][et_pb_column type=&#8221;1_2&#8243; _builder_version=&#8221;4.11.0&#8243; _module_preset=&#8221;default&#8221; global_colors_info=&#8221;{}&#8221;][dsm_embed_google_map address=&#8221;7 Temasek Boulevard, Suntec Tower One,  Singapore 038987&#8243; _builder_version=&#8221;4.11.0&#8243; _module_preset=&#8221;default&#8221; global_colors_info=&#8221;{}&#8221;][\/dsm_embed_google_map][\/et_pb_column][\/et_pb_row][\/et_pb_section][et_pb_section fb_built=&#8221;1&#8243; admin_label=&#8221;Contact Us section&#8221; _builder_version=&#8221;3.28&#8243; background_image=&#8221;https:\/\/elmosolutions.com\/wp-content\/uploads\/BackContact2-1.jpg&#8221; background_size=&#8221;initial&#8221; background_position=&#8221;top_left&#8221; custom_margin=&#8221;||0px||false|false&#8221; custom_padding=&#8221;||0px||false|false&#8221; collapsed=&#8221;off&#8221; global_colors_info=&#8221;{}&#8221;][\/et_pb_section]<\/p>\n","protected":false},"excerpt":{"rendered":"<p>797 boul. Lebourgneuf, Suite 300Quebec (Quebec)CANADAG2J 0B5 Toll-free: 844-4-CAD-ERP (866-422-3377)Toll: +1-418-623-7755<div class=\"et_pb_module dsm_embed_google_map dsm_embed_google_map_0\">\n\t\t\t\t\n\t\t\t\t\n\t\t\t\t\n\t\t\t\t\n\t\t\t\t<div class=\"et_pb_module_inner\">\n\t\t\t\t\t<iframe frameborder=\"0\" scrolling=\"no\" marginheight=\"0\" marginwidth=\"0\" src=\"https:\/\/maps.google.com\/maps?q=797%20boul.%20Lebourgneuf%2C%20Quebec%20%28Quebec%29%20CANADA%20G2J%200B5&amp;t=m&amp;z=10&amp;output=embed&amp;iwloc=near&hl=fr_FR\" aria-label=\"797 boul. Lebourgneuf, Quebec (Quebec) CANADA G2J 0B5\"><\/iframe>\n\t\t\t\t<\/div>\n\t\t\t<\/div>124 City RoadLondonEC1V 2NXUK +44 (0)203 318 2559<div class=\"et_pb_module dsm_embed_google_map dsm_embed_google_map_1\">\n\t\t\t\t\n\t\t\t\t\n\t\t\t\t\n\t\t\t\t\n\t\t\t\t<div class=\"et_pb_module_inner\">\n\t\t\t\t\t<iframe frameborder=\"0\" scrolling=\"no\" marginheight=\"0\" marginwidth=\"0\" src=\"https:\/\/maps.google.com\/maps?q=124%20City%20Road%2C%20London%2C%20EC1V%202NX%2C%20UK&amp;t=m&amp;z=10&amp;output=embed&amp;iwloc=near&hl=fr_FR\" aria-label=\"124 City Road, London, EC1V 2NX, UK\"><\/iframe>\n\t\t\t\t<\/div>\n\t\t\t<\/div>7 Temasek Boulevard#12-07 Suntec Tower OneSingapore 038987 +64 9-801-2028<div class=\"et_pb_module dsm_embed_google_map dsm_embed_google_map_2\">\n\t\t\t\t\n\t\t\t\t\n\t\t\t\t\n\t\t\t\t\n\t\t\t\t<div class=\"et_pb_module_inner\">\n\t\t\t\t\t<iframe frameborder=\"0\" scrolling=\"no\" marginheight=\"0\" marginwidth=\"0\" src=\"https:\/\/maps.google.com\/maps?q=%26%238221%3B7&amp;t=m&amp;z=10&amp;output=embed&amp;iwloc=near&hl=fr_FR\" aria-label=\"&#8221;7\"><\/iframe>\n\t\t\t\t<\/div>\n\t\t\t<\/div><\/p>\n","protected":false},"author":1,"featured_media":0,"parent":0,"menu_order":0,"comment_status":"closed","ping_status":"closed","template":"","meta":{"_et_pb_use_builder":"on","_et_pb_old_content":"","_et_gb_content_width":"","om_disable_all_campaigns":false,"wikipediapreview_detectlinks":true,"_monsterinsights_skip_tracking":false,"_monsterinsights_sitenote_active":false,"_monsterinsights_sitenote_note":"","_monsterinsights_sitenote_category":0,"footnotes":""},"class_list":["post-289209","page","type-page","status-publish","hentry"],"yoast_head":"<!-- This site is optimized with the Yoast SEO plugin v26.0 - https:\/\/yoast.com\/wordpress\/plugins\/seo\/ -->\n<title>Emplacements - Elmo Solutions - Chef de file en int\u00e9gration CAO-ERP<\/title>\n<meta name=\"description\" content=\"La pr\u00e9sence mondiale d&#039;Elmo Solutions vise \u00e0 fournir une assistance 24 heures sur 24 \u00e0 ses clients sur les 5 continents.\" \/>\n<meta name=\"robots\" content=\"index, follow, max-snippet:-1, max-image-preview:large, max-video-preview:-1\" \/>\n<link rel=\"canonical\" href=\"https:\/\/elmosolutions.com\/fr\/emplacements\/\" \/>\n<meta name=\"twitter:card\" content=\"summary_large_image\" \/>\n<meta name=\"twitter:title\" content=\"Emplacements - Elmo Solutions - Chef de file en int\u00e9gration CAO-ERP\" \/>\n<meta name=\"twitter:description\" content=\"La pr\u00e9sence mondiale d&#039;Elmo Solutions vise \u00e0 fournir une assistance 24 heures sur 24 \u00e0 ses clients sur les 5 continents.\" \/>\n<meta name=\"twitter:site\" content=\"@ElmoSolutions\" \/>\n<meta name=\"twitter:label1\" content=\"Dur\u00e9e de lecture estim\u00e9e\" \/>\n\t<meta name=\"twitter:data1\" content=\"2 minutes\" \/>\n<script type=\"application\/ld+json\" class=\"yoast-schema-graph\">{\"@context\":\"https:\/\/schema.org\",\"@graph\":[{\"@type\":\"WebPage\",\"@id\":\"https:\/\/elmosolutions.com\/fr\/emplacements\/\",\"url\":\"https:\/\/elmosolutions.com\/fr\/emplacements\/\",\"name\":\"Emplacements - Elmo Solutions - Chef de file en int\u00e9gration CAO-ERP\",\"isPartOf\":{\"@id\":\"https:\/\/elmosolutions.com\/fr\/#website\"},\"datePublished\":\"2022-07-26T01:08:30+00:00\",\"dateModified\":\"2022-07-26T23:47:47+00:00\",\"description\":\"La pr\u00e9sence mondiale d'Elmo Solutions vise \u00e0 fournir une assistance 24 heures sur 24 \u00e0 ses clients sur les 5 continents.\",\"inLanguage\":\"fr-FR\",\"potentialAction\":[{\"@type\":\"ReadAction\",\"target\":[\"https:\/\/elmosolutions.com\/fr\/emplacements\/\"]}]},{\"@type\":\"WebSite\",\"@id\":\"https:\/\/elmosolutions.com\/fr\/#website\",\"url\":\"https:\/\/elmosolutions.com\/fr\/\",\"name\":\"Elmo Solutions - The Leader in CAD and ERP Data Integration\",\"description\":\"Chef de file en int\u00e9gration CAO-ERP\",\"publisher\":{\"@id\":\"https:\/\/elmosolutions.com\/fr\/#organization\"},\"potentialAction\":[{\"@type\":\"SearchAction\",\"target\":{\"@type\":\"EntryPoint\",\"urlTemplate\":\"https:\/\/elmosolutions.com\/fr\/?s={search_term_string}\"},\"query-input\":{\"@type\":\"PropertyValueSpecification\",\"valueRequired\":true,\"valueName\":\"search_term_string\"}}],\"inLanguage\":\"fr-FR\"},{\"@type\":\"Organization\",\"@id\":\"https:\/\/elmosolutions.com\/fr\/#organization\",\"name\":\"Elmo Solutions\",\"url\":\"https:\/\/elmosolutions.com\/fr\/\",\"logo\":{\"@type\":\"ImageObject\",\"inLanguage\":\"fr-FR\",\"@id\":\"https:\/\/elmosolutions.com\/fr\/#\/schema\/logo\/image\/\",\"url\":\"https:\/\/elmosolutions.com\/wp-content\/uploads\/cropped-Logo-Elmo_200x62.png\",\"contentUrl\":\"https:\/\/elmosolutions.com\/wp-content\/uploads\/cropped-Logo-Elmo_200x62.png\",\"width\":200,\"height\":62,\"caption\":\"Elmo Solutions\"},\"image\":{\"@id\":\"https:\/\/elmosolutions.com\/fr\/#\/schema\/logo\/image\/\"},\"sameAs\":[\"https:\/\/www.facebook.com\/elmo.solutions.real\/\",\"https:\/\/x.com\/ElmoSolutions\",\"https:\/\/www.linkedin.com\/company\/2861153\",\"http:\/\/www.youtube.com\/elmosolutions\"]}]}<\/script>\n<!-- \/ Yoast SEO plugin. -->","yoast_head_json":{"title":"Emplacements - Elmo Solutions - Chef de file en int\u00e9gration CAO-ERP","description":"La pr\u00e9sence mondiale d'Elmo Solutions vise \u00e0 fournir une assistance 24 heures sur 24 \u00e0 ses clients sur les 5 continents.","robots":{"index":"index","follow":"follow","max-snippet":"max-snippet:-1","max-image-preview":"max-image-preview:large","max-video-preview":"max-video-preview:-1"},"canonical":"https:\/\/elmosolutions.com\/fr\/emplacements\/","twitter_card":"summary_large_image","twitter_title":"Emplacements - Elmo Solutions - Chef de file en int\u00e9gration CAO-ERP","twitter_description":"La pr\u00e9sence mondiale d'Elmo Solutions vise \u00e0 fournir une assistance 24 heures sur 24 \u00e0 ses clients sur les 5 continents.","twitter_site":"@ElmoSolutions","twitter_misc":{"Dur\u00e9e de lecture estim\u00e9e":"2 minutes"},"schema":{"@context":"https:\/\/schema.org","@graph":[{"@type":"WebPage","@id":"https:\/\/elmosolutions.com\/fr\/emplacements\/","url":"https:\/\/elmosolutions.com\/fr\/emplacements\/","name":"Emplacements - Elmo Solutions - Chef de file en int\u00e9gration CAO-ERP","isPartOf":{"@id":"https:\/\/elmosolutions.com\/fr\/#website"},"datePublished":"2022-07-26T01:08:30+00:00","dateModified":"2022-07-26T23:47:47+00:00","description":"La pr\u00e9sence mondiale d'Elmo Solutions vise \u00e0 fournir une assistance 24 heures sur 24 \u00e0 ses clients sur les 5 continents.","inLanguage":"fr-FR","potentialAction":[{"@type":"ReadAction","target":["https:\/\/elmosolutions.com\/fr\/emplacements\/"]}]},{"@type":"WebSite","@id":"https:\/\/elmosolutions.com\/fr\/#website","url":"https:\/\/elmosolutions.com\/fr\/","name":"Elmo Solutions - The Leader in CAD and ERP Data Integration","description":"Chef de file en int\u00e9gration CAO-ERP","publisher":{"@id":"https:\/\/elmosolutions.com\/fr\/#organization"},"potentialAction":[{"@type":"SearchAction","target":{"@type":"EntryPoint","urlTemplate":"https:\/\/elmosolutions.com\/fr\/?s={search_term_string}"},"query-input":{"@type":"PropertyValueSpecification","valueRequired":true,"valueName":"search_term_string"}}],"inLanguage":"fr-FR"},{"@type":"Organization","@id":"https:\/\/elmosolutions.com\/fr\/#organization","name":"Elmo Solutions","url":"https:\/\/elmosolutions.com\/fr\/","logo":{"@type":"ImageObject","inLanguage":"fr-FR","@id":"https:\/\/elmosolutions.com\/fr\/#\/schema\/logo\/image\/","url":"https:\/\/elmosolutions.com\/wp-content\/uploads\/cropped-Logo-Elmo_200x62.png","contentUrl":"https:\/\/elmosolutions.com\/wp-content\/uploads\/cropped-Logo-Elmo_200x62.png","width":200,"height":62,"caption":"Elmo Solutions"},"image":{"@id":"https:\/\/elmosolutions.com\/fr\/#\/schema\/logo\/image\/"},"sameAs":["https:\/\/www.facebook.com\/elmo.solutions.real\/","https:\/\/x.com\/ElmoSolutions","https:\/\/www.linkedin.com\/company\/2861153","http:\/\/www.youtube.com\/elmosolutions"]}]}},"_links":{"self":[{"href":"https:\/\/elmosolutions.com\/fr\/wp-json\/wp\/v2\/pages\/289209","targetHints":{"allow":["GET"]}}],"collection":[{"href":"https:\/\/elmosolutions.com\/fr\/wp-json\/wp\/v2\/pages"}],"about":[{"href":"https:\/\/elmosolutions.com\/fr\/wp-json\/wp\/v2\/types\/page"}],"author":[{"embeddable":true,"href":"https:\/\/elmosolutions.com\/fr\/wp-json\/wp\/v2\/users\/1"}],"replies":[{"embeddable":true,"href":"https:\/\/elmosolutions.com\/fr\/wp-json\/wp\/v2\/comments?post=289209"}],"version-history":[{"count":0,"href":"https:\/\/elmosolutions.com\/fr\/wp-json\/wp\/v2\/pages\/289209\/revisions"}],"wp:attachment":[{"href":"https:\/\/elmosolutions.com\/fr\/wp-json\/wp\/v2\/media?parent=289209"}],"curies":[{"name":"wp","href":"https:\/\/api.w.org\/{rel}","templated":true}]}}